{"id":3400,"date":"2025-01-09T08:50:43","date_gmt":"2025-01-09T08:50:43","guid":{"rendered":"https:\/\/www.mooo-apartments.com\/downtown\/?page_id=3400"},"modified":"2025-11-11T15:38:16","modified_gmt":"2025-11-11T15:38:16","slug":"parking-2","status":"publish","type":"page","link":"https:\/\/www.mooo-apartments.com\/downtown\/de\/parking-2\/","title":{"rendered":"Parking"},"content":{"rendered":"<p class=\"has-text-align-left\"><strong>M\u00dcHELOSES VALET-PARKEN<\/strong><\/p>\n<p class=\"has-text-align-left\">Wir bei MOOo Downtown glauben, dass das Parken das Letzte sein sollte, woran Sie w\u00e4hrend Ihres Aufenthalts denken sollten. Mit unserem Valet-Service machen Sie Ihren Aufenthalt von Ihrer Ankunft an bequem.<\/p>\n<h3 class=\"has-text-align-left\">Wie funktioniert Valet-Parken?<\/h3>\n<p class=\"has-text-align-left\">Fahren Sie beim Ankunft einfach am Haupteingang des Mosaic House Hotel vor, um Ihr Gep\u00e4ck auszuladen. Bitte stellen Sie sicher, dass gen\u00fcgend Platz vorhanden ist, damit andere Fahrzeuge bequem passieren k\u00f6nnen. Nach dem Ausladen geben Sie Ihren Autoschl\u00fcssel an unserer Rezeption ab. Unsere professionellen Parkservice-Fahrer parken Ihr Auto sicher und geben Ihnen die<br \/>\nGewissheit, dass Sie sich entspannen und Ihren Aufenthalt im MOOo genie\u00dfen k\u00f6nnen.<\/p>\n<p class=\"has-text-align-left\">Bitte vereinbaren Sie beim Ankunft auch Ihren Abholtermin f\u00fcr Ihr Auto an unserer Rezeption. Ihr Fahrzeug wird fristgerecht vor dem Hotel auf Sie warten.<\/p>\n<p class=\"has-text-align-left\"><strong>Die Tagesgeb\u00fchr f\u00fcr den Parkservice betr\u00e4gt 750 CZK \/ Auto.<\/strong><\/p>\n<p class=\"has-text-align-left\"><strong>(Inklusive Abholung bei der Ankunft, sicheres Parken und Fahrzeuglieferung bei der Abreise.)<\/strong><\/p>\n<p class=\"has-text-align-left\">Bitte reservieren Sie Ihren Platz, indem Sie die untenstehende Reservierungsanfrage ausf\u00fcllen oder kontaktieren Sie uns direkt per E-Mail:\u00a0 <a href=\"mailto:downtown@mooo-apartments.com\">downtown@mooo-apartments.com<\/a><\/p>\n<p>Unser Valet-Parkservice steht t\u00e4glich von 7:15 bis 23:45 Uhr zur Verf\u00fcgung.<br \/>\nG\u00e4ste, die sp\u00e4ter anreisen, k\u00f6nnen ihr Fahrzeug in den Wohnstra\u00dfen in der N\u00e4he des Hotels parken (das Hotel verf\u00fcgt \u00fcber keine festen Parkpl\u00e4tze); das Fahrzeug wird anschlie\u00dfend in die Garage gebracht.<\/p>\n<p>Wenn Sie nach Mitternacht mit dem Auto anreisen, parken Sie bitte vor dem Hotel, um Ihr Gep\u00e4ck auszuladen, und bringen Sie die Autoschl\u00fcssel zur Rezeption zum Check-in. Nach dem Check-in k\u00f6nnen Sie Ihr Auto in den nahegelegenen Stra\u00dfen mit der Bezeichnung \u201elila Zone\u201c abstellen, die w\u00e4hrend der Nachtstunden f\u00fcr Besucher kostenlos sind. Bitte beachten Sie, dass die umliegenden Stra\u00dfen auch \u201eblaue Zonen\u201c umfassen, die ausschlie\u00dflich f\u00fcr Anwohner reserviert sind. Unser Rezeptionsteam zeigt Ihnen bei Ihrer Ankunft gerne die verf\u00fcgbaren Parkm\u00f6glichkeiten.<\/p>\n<div class=\"frm_forms  with_frm_style frm_inline_form frm_inline_top frm_style_formidable-style-2\" id=\"frm_form_19_container\" >\n<form enctype=\"multipart\/form-data\" method=\"post\" class=\"frm-show-form \" id=\"form_contact-form333\" >\n<div class=\"frm_form_fields \">\n<fieldset>\n<legend class=\"frm_screen_reader\">Parking DE<\/legend>\r\n\r\n<div class=\"frm_fields_container\">\n<input type=\"hidden\" name=\"frm_action\" value=\"create\" \/>\n<input type=\"hidden\" name=\"form_id\" value=\"19\" \/>\n<input type=\"hidden\" name=\"frm_hide_fields_19\" id=\"frm_hide_fields_19\" value=\"\" \/>\n<input type=\"hidden\" name=\"form_key\" value=\"contact-form333\" \/>\n<input type=\"hidden\" name=\"item_meta[0]\" value=\"\" \/>\n<input type=\"hidden\" id=\"frm_submit_entry_19\" name=\"frm_submit_entry_19\" value=\"1b94a19b45\" \/><input type=\"hidden\" name=\"_wp_http_referer\" value=\"\/downtown\/wp-json\/wp\/v2\/pages\/3400\" \/><div id=\"frm_field_204_container\" class=\"frm_form_field form-field  frm_required_field frm_top_container frm_martin_left_column\">\r\n    <label for=\"field_76b1l333\" id=\"field_76b1l333_label\" class=\"frm_primary_label\">Nachname\r\n        <span class=\"frm_required\">*<\/span>\r\n    <\/label>\r\n    <input type=\"text\" id=\"field_76b1l333\" name=\"item_meta[204]\" value=\"\"  data-reqmsg=\"Nachname cannot be blank.\" aria-required=\"true\" data-invmsg=\"Text is invalid\" aria-invalid=\"false\"  \/>\r\n    \r\n    \r\n<\/div>\n<div id=\"frm_field_205_container\" class=\"frm_form_field form-field  frm_required_field frm_top_container frm_martin_left_column\">\r\n    <label for=\"field_xs10s333\" id=\"field_xs10s333_label\" class=\"frm_primary_label\">Vorname\r\n        <span class=\"frm_required\">*<\/span>\r\n    <\/label>\r\n    <input type=\"text\" id=\"field_xs10s333\" name=\"item_meta[205]\" value=\"\"  data-reqmsg=\"Vorname cannot be blank.\" aria-required=\"true\" data-invmsg=\"Text is invalid\" aria-invalid=\"false\"  \/>\r\n    \r\n    \r\n<\/div>\n<div id=\"frm_field_206_container\" class=\"frm_form_field form-field  frm_required_field frm_top_container frm_martin_left_column\">\r\n    <label for=\"field_spqlo333\" id=\"field_spqlo333_label\" class=\"frm_primary_label\">Reservierungsbest\u00e4tigung Nummer\r\n        <span class=\"frm_required\">*<\/span>\r\n    <\/label>\r\n    <input type=\"text\" id=\"field_spqlo333\" name=\"item_meta[206]\" value=\"\"  data-reqmsg=\"Reservierungsbest\u00e4tigung Nummer cannot be blank.\" aria-required=\"true\" data-invmsg=\"Text is invalid\" aria-invalid=\"false\"  \/>\r\n    \r\n    \r\n<\/div>\n<div id=\"frm_field_207_container\" class=\"frm_form_field form-field  frm_required_field frm_top_container frm_martin_left_column\">\r\n    <label for=\"field_k46b0333\" id=\"field_k46b0333_label\" class=\"frm_primary_label\">Telefon\r\n        <span class=\"frm_required\">*<\/span>\r\n    <\/label>\r\n    <input type=\"text\" id=\"field_k46b0333\" name=\"item_meta[207]\" value=\"\"  data-reqmsg=\"Telefon cannot be blank.\" aria-required=\"true\" data-invmsg=\"Text is invalid\" aria-invalid=\"false\"  \/>\r\n    \r\n    \r\n<\/div>\n<div id=\"frm_field_208_container\" class=\"frm_form_field form-field  frm_required_field frm_top_container frm_martin_right_column\">\r\n    <label for=\"field_ybymp333\" id=\"field_ybymp333_label\" class=\"frm_primary_label\">E-Mail\r\n        <span class=\"frm_required\">*<\/span>\r\n    <\/label>\r\n    <input type=\"email\" id=\"field_ybymp333\" name=\"item_meta[208]\" value=\"\"  data-reqmsg=\"E-Mail cannot be blank.\" aria-required=\"true\" data-invmsg=\"Email is invalid.\" aria-invalid=\"false\"  \/>\r\n    \r\n    \r\n<\/div>\n<div id=\"frm_field_209_container\" class=\"frm_form_field form-field  frm_required_field frm_top_container\">\r\n\t<label for=\"field_yxu2z3\" id=\"field_yxu2z3_label\" class=\"frm_primary_label\">Ankunftsdatum\r\n\t\t<span class=\"frm_required\" aria-hidden=\"true\">*<\/span>\r\n\t<\/label>\r\n\t<input type=\"text\" id=\"field_yxu2z3\" name=\"item_meta[209]\" value=\"\"  data-reqmsg=\"Ankunftsdatum cannot be blank.\" aria-required=\"true\" data-invmsg=\"Ankunftsdatum is invalid\" aria-invalid=\"false\"  \/>\r\n\t\r\n\t\r\n<\/div>\n<div id=\"frm_field_217_container\" class=\"frm_form_field form-field  frm_required_field frm_top_container frm12 frm_first\">\r\n\t<label for=\"field_bekia\" id=\"field_bekia_label\" class=\"frm_primary_label\">Gesch\u00e4tzte Ankunftszeit\r\n\t\t<span class=\"frm_required\" aria-hidden=\"true\">*<\/span>\r\n\t<\/label>\r\n\t<input type=\"text\" id=\"field_bekia\" name=\"item_meta[217]\" value=\"\"  data-reqmsg=\"Gesch\u00e4tzte Ankunftszeit cannot be blank.\" aria-required=\"true\" data-invmsg=\"Gesch\u00e4tzte Ankunftszeit is invalid\" aria-invalid=\"false\"  \/>\r\n\t\r\n\t\r\n<\/div>\n<div id=\"frm_field_210_container\" class=\"frm_form_field form-field  frm_required_field frm_top_container frm12 frm_first\">\r\n\t<label for=\"field_sfz893\" id=\"field_sfz893_label\" class=\"frm_primary_label\">Automodell\r\n\t\t<span class=\"frm_required\" aria-hidden=\"true\">*<\/span>\r\n\t<\/label>\r\n\t<input type=\"text\" id=\"field_sfz893\" name=\"item_meta[210]\" value=\"\"  data-reqmsg=\"Automodell cannot be blank.\" aria-required=\"true\" data-invmsg=\"Automodell is invalid\" aria-invalid=\"false\"  \/>\r\n\t\r\n\t\r\n<\/div>\n<div id=\"frm_field_211_container\" class=\"frm_form_field form-field  frm_required_field frm_top_container frm_martin_left_column vertical_radio\">\r\n    <div  id=\"field_3kw3_label\" class=\"frm_primary_label\">Verarbeitung personenbezogener Daten\r\n        <span class=\"frm_required\">*<\/span>\r\n    <\/div>\r\n    <div class=\"frm_opt_container\" aria-labelledby=\"field_3kw3_label\" role=\"group\">\t\t<div class=\"frm_checkbox\" id=\"frm_checkbox_211-0\">\t\t\t<label  for=\"field_3kw3-0\">\n\t\t\t<input type=\"checkbox\" name=\"item_meta[211][]\" id=\"field_3kw3-0\" value=\"Ich stimme der Verarbeitung personenbezogener Daten zu\"  data-reqmsg=\"Verarbeitung personenbezogener Daten cannot be blank.\" data-invmsg=\"Verarbeitung personenbezogener Daten is invalid\"   aria-required=\"true\"  \/> Ich stimme der Verarbeitung personenbezogener Daten zu<\/label><\/div>\n<\/div>\r\n    \r\n    \r\n<\/div>\n<div id=\"frm_field_212_container\" class=\"frm_form_field form-field  frm_none_container frm_martin_left_column\">\r\n    <label for=\"g-recaptcha-response\" id=\"field_jm1qn4_label\" class=\"frm_primary_label\">Captcha\r\n        <span class=\"frm_required\"><\/span>\r\n    <\/label>\r\n    <div  id=\"field_jm1qn4\" class=\"frm-g-recaptcha\" data-sitekey=\"6Le2ZAsaAAAAACuMHzXp-_Ut8htIUk77cjlq8qwm\" data-size=\"normal\" data-theme=\"light\"><\/div>\r\n    \r\n    \r\n<\/div>\n<div id=\"frm_field_213_container\" class=\"frm_form_field  frm_martin_left_column frm_html_container form-field\">\n<div class=\"frm_primary_label\">*Pflichtfelder<\/div>\n<\/div>\n<div id=\"frm_field_214_container\" class=\"frm_form_field form-field  frm_top_container vertical_radio\">\r\n\t<div  id=\"field_lfx43_label\" class=\"frm_primary_label\">\r\n\t\t<span class=\"frm_required\" aria-hidden=\"true\"><\/span>\r\n\t<\/div>\r\n\t<div class=\"frm_opt_container\" aria-labelledby=\"field_lfx43_label\" role=\"group\"><\/div>\r\n\t\r\n\t\r\n<\/div>\n<div id=\"frm_field_215_container\" class=\"frm_form_field form-field \">\r\n\t<div class=\"frm_martin_whole_row frm_submit frm_inline_submit\">\r\n\r\n<button class=\"frm_button_submit\" type=\"submit\"  >Absenden<br><img decoding=\"async\" src=\"https:\/\/www.mooo-apartments.com\/downtown\/wp-content\/uploads\/2025\/01\/mail.png\"><\/button>\r\n\r\n<\/div>\r\n<\/div>\n\t<input type=\"hidden\" name=\"item_key\" value=\"\" \/>\n\t\t\t<div id=\"frm_field_226_container\">\n\t\t\t<label for=\"field_pef64\"  style=\"display:none;\">\n\t\t\t\tIf you are human, leave this field blank.\t\t\t<\/label>\n\t\t\t<input  id=\"field_pef64\" type=\"text\" class=\"frm_form_field form-field frm_verify\" name=\"item_meta[226]\" value=\"\"  style=\"display:none;\" \/>\n\t\t<\/div>\n\t\t<input name=\"frm_state\" type=\"hidden\" value=\"Wjfb4yN6o+kxMWYqBmCZZjKaz3htCzycJJfoBxOaQn8=\" \/><\/div>\n<\/fieldset>\n<\/div>\n\n<p style=\"display: none !important;\" class=\"akismet-fields-container\" data-prefix=\"ak_\"><label>&#916;<textarea name=\"ak_hp_textarea\" cols=\"45\" rows=\"8\" maxlength=\"100\"><\/textarea><\/label><input type=\"hidden\" id=\"ak_js_1\" name=\"ak_js\" value=\"98\"\/><script type=\"text\/javascript\">\n\/* <![CDATA[ *\/\ndocument.getElementById( \"ak_js_1\" ).setAttribute( \"value\", ( new Date() ).getTime() );\n\/* ]]> *\/\n<\/script>\n<\/p><\/form>\n<\/div>\n\n","protected":false},"excerpt":{"rendered":"<p>M\u00dcHELOSES VALET-PARKEN Wir bei MOOo Downtown glauben, dass das Parken das Letzte sein sollte, woran Sie w\u00e4hrend Ihres Aufenthalts denken sollten. Mit unserem Valet-Service machen Sie Ihren Aufenthalt von Ihrer Ankunft an bequem. Wie funktioniert Valet-Parken? Fahren Sie beim Ankunft einfach am Haupteingang des Mosaic House Hotel vor, um Ihr Gep\u00e4ck auszuladen. Bitte stellen Sie [&hellip;]<\/p>\n","protected":false},"author":8,"featured_media":0,"parent":0,"menu_order":0,"comment_status":"closed","ping_status":"closed","template":"","meta":{"inline_featured_image":false,"footnotes":""},"class_list":["post-3400","page","type-page","status-publish","hentry"],"aioseo_notices":[],"yoast_head":"<!-- This site is optimized with the Yoast SEO plugin v27.5 - https:\/\/yoast.com\/product\/yoast-seo-wordpress\/ -->\n<title>Parking - MOOO Downtown<\/title>\n<meta name=\"robots\" content=\"index, follow, max-snippet:-1, max-image-preview:large, max-video-preview:-1\" \/>\n<link rel=\"canonical\" href=\"https:\/\/www.mooo-apartments.com\/downtown\/de\/parking-2\/\" \/>\n<meta property=\"og:locale\" content=\"en_US\" \/>\n<meta property=\"og:type\" content=\"article\" \/>\n<meta property=\"og:title\" content=\"Parking - MOOO Downtown\" \/>\n<meta property=\"og:description\" content=\"M\u00dcHELOSES VALET-PARKEN Wir bei MOOo Downtown glauben, dass das Parken das Letzte sein sollte, woran Sie w\u00e4hrend Ihres Aufenthalts denken sollten. Mit unserem Valet-Service machen Sie Ihren Aufenthalt von Ihrer Ankunft an bequem. Wie funktioniert Valet-Parken? Fahren Sie beim Ankunft einfach am Haupteingang des Mosaic House Hotel vor, um Ihr Gep\u00e4ck auszuladen. Bitte stellen Sie [&hellip;]\" \/>\n<meta property=\"og:url\" content=\"https:\/\/www.mooo-apartments.com\/downtown\/de\/parking-2\/\" \/>\n<meta property=\"og:site_name\" content=\"MOOO Downtown\" \/>\n<meta property=\"article:modified_time\" content=\"2025-11-11T15:38:16+00:00\" \/>\n<meta name=\"twitter:card\" content=\"summary_large_image\" \/>\n<meta name=\"twitter:label1\" content=\"Est. reading time\" \/>\n\t<meta name=\"twitter:data1\" content=\"2 minutes\" \/>\n<script type=\"application\/ld+json\" class=\"yoast-schema-graph\">{\"@context\":\"https:\\\/\\\/schema.org\",\"@graph\":[{\"@type\":\"WebPage\",\"@id\":\"https:\\\/\\\/www.mooo-apartments.com\\\/downtown\\\/de\\\/parking-2\\\/\",\"url\":\"https:\\\/\\\/www.mooo-apartments.com\\\/downtown\\\/de\\\/parking-2\\\/\",\"name\":\"Parking - MOOO Downtown\",\"isPartOf\":{\"@id\":\"https:\\\/\\\/www.mooo-apartments.com\\\/downtown\\\/#website\"},\"datePublished\":\"2025-01-09T08:50:43+00:00\",\"dateModified\":\"2025-11-11T15:38:16+00:00\",\"breadcrumb\":{\"@id\":\"https:\\\/\\\/www.mooo-apartments.com\\\/downtown\\\/de\\\/parking-2\\\/#breadcrumb\"},\"inLanguage\":\"en-US\",\"potentialAction\":[{\"@type\":\"ReadAction\",\"target\":[\"https:\\\/\\\/www.mooo-apartments.com\\\/downtown\\\/de\\\/parking-2\\\/\"]}]},{\"@type\":\"BreadcrumbList\",\"@id\":\"https:\\\/\\\/www.mooo-apartments.com\\\/downtown\\\/de\\\/parking-2\\\/#breadcrumb\",\"itemListElement\":[{\"@type\":\"ListItem\",\"position\":1,\"name\":\"Home\",\"item\":\"https:\\\/\\\/www.mooo-apartments.com\\\/downtown\\\/en\\\/\"},{\"@type\":\"ListItem\",\"position\":2,\"name\":\"Parking\"}]},{\"@type\":\"WebSite\",\"@id\":\"https:\\\/\\\/www.mooo-apartments.com\\\/downtown\\\/#website\",\"url\":\"https:\\\/\\\/www.mooo-apartments.com\\\/downtown\\\/\",\"name\":\"MOOO Downtown\",\"description\":\"MOOO Downtown\",\"potentialAction\":[{\"@type\":\"SearchAction\",\"target\":{\"@type\":\"EntryPoint\",\"urlTemplate\":\"https:\\\/\\\/www.mooo-apartments.com\\\/downtown\\\/?s={search_term_string}\"},\"query-input\":{\"@type\":\"PropertyValueSpecification\",\"valueRequired\":true,\"valueName\":\"search_term_string\"}}],\"inLanguage\":\"en-US\"}]}<\/script>\n<!-- \/ Yoast SEO plugin. -->","yoast_head_json":{"title":"Parking - MOOO Downtown","robots":{"index":"index","follow":"follow","max-snippet":"max-snippet:-1","max-image-preview":"max-image-preview:large","max-video-preview":"max-video-preview:-1"},"canonical":"https:\/\/www.mooo-apartments.com\/downtown\/de\/parking-2\/","og_locale":"en_US","og_type":"article","og_title":"Parking - MOOO Downtown","og_description":"M\u00dcHELOSES VALET-PARKEN Wir bei MOOo Downtown glauben, dass das Parken das Letzte sein sollte, woran Sie w\u00e4hrend Ihres Aufenthalts denken sollten. Mit unserem Valet-Service machen Sie Ihren Aufenthalt von Ihrer Ankunft an bequem. Wie funktioniert Valet-Parken? Fahren Sie beim Ankunft einfach am Haupteingang des Mosaic House Hotel vor, um Ihr Gep\u00e4ck auszuladen. Bitte stellen Sie [&hellip;]","og_url":"https:\/\/www.mooo-apartments.com\/downtown\/de\/parking-2\/","og_site_name":"MOOO Downtown","article_modified_time":"2025-11-11T15:38:16+00:00","twitter_card":"summary_large_image","twitter_misc":{"Est. reading time":"2 minutes"},"schema":{"@context":"https:\/\/schema.org","@graph":[{"@type":"WebPage","@id":"https:\/\/www.mooo-apartments.com\/downtown\/de\/parking-2\/","url":"https:\/\/www.mooo-apartments.com\/downtown\/de\/parking-2\/","name":"Parking - MOOO Downtown","isPartOf":{"@id":"https:\/\/www.mooo-apartments.com\/downtown\/#website"},"datePublished":"2025-01-09T08:50:43+00:00","dateModified":"2025-11-11T15:38:16+00:00","breadcrumb":{"@id":"https:\/\/www.mooo-apartments.com\/downtown\/de\/parking-2\/#breadcrumb"},"inLanguage":"en-US","potentialAction":[{"@type":"ReadAction","target":["https:\/\/www.mooo-apartments.com\/downtown\/de\/parking-2\/"]}]},{"@type":"BreadcrumbList","@id":"https:\/\/www.mooo-apartments.com\/downtown\/de\/parking-2\/#breadcrumb","itemListElement":[{"@type":"ListItem","position":1,"name":"Home","item":"https:\/\/www.mooo-apartments.com\/downtown\/en\/"},{"@type":"ListItem","position":2,"name":"Parking"}]},{"@type":"WebSite","@id":"https:\/\/www.mooo-apartments.com\/downtown\/#website","url":"https:\/\/www.mooo-apartments.com\/downtown\/","name":"MOOO Downtown","description":"MOOO Downtown","potentialAction":[{"@type":"SearchAction","target":{"@type":"EntryPoint","urlTemplate":"https:\/\/www.mooo-apartments.com\/downtown\/?s={search_term_string}"},"query-input":{"@type":"PropertyValueSpecification","valueRequired":true,"valueName":"search_term_string"}}],"inLanguage":"en-US"}]}},"_links":{"self":[{"href":"https:\/\/www.mooo-apartments.com\/downtown\/wp-json\/wp\/v2\/pages\/3400","targetHints":{"allow":["GET"]}}],"collection":[{"href":"https:\/\/www.mooo-apartments.com\/downtown\/wp-json\/wp\/v2\/pages"}],"about":[{"href":"https:\/\/www.mooo-apartments.com\/downtown\/wp-json\/wp\/v2\/types\/page"}],"author":[{"embeddable":true,"href":"https:\/\/www.mooo-apartments.com\/downtown\/wp-json\/wp\/v2\/users\/8"}],"replies":[{"embeddable":true,"href":"https:\/\/www.mooo-apartments.com\/downtown\/wp-json\/wp\/v2\/comments?post=3400"}],"version-history":[{"count":6,"href":"https:\/\/www.mooo-apartments.com\/downtown\/wp-json\/wp\/v2\/pages\/3400\/revisions"}],"predecessor-version":[{"id":3556,"href":"https:\/\/www.mooo-apartments.com\/downtown\/wp-json\/wp\/v2\/pages\/3400\/revisions\/3556"}],"wp:attachment":[{"href":"https:\/\/www.mooo-apartments.com\/downtown\/wp-json\/wp\/v2\/media?parent=3400"}],"curies":[{"name":"wp","href":"https:\/\/api.w.org\/{rel}","templated":true}]}}