{"id":3398,"date":"2025-01-09T08:49:14","date_gmt":"2025-01-09T08:49:14","guid":{"rendered":"https:\/\/www.mooo-apartments.com\/downtown\/?page_id=3398"},"modified":"2025-11-11T15:37:16","modified_gmt":"2025-11-11T15:37:16","slug":"parkovani","status":"publish","type":"page","link":"https:\/\/www.mooo-apartments.com\/downtown\/cs\/parkovani\/","title":{"rendered":"Parkov\u00e1n\u00ed"},"content":{"rendered":"<p class=\"has-text-align-left\"><strong>PARKOV\u00c1N\u00cd BEZ N\u00c1MAHY<\/strong><\/p>\n<p class=\"has-text-align-left\">V MOOo Downtown chceme, abyste si sv\u016fj pobyt u\u017eili naplno, a proto se postar\u00e1me o ve\u0161ker\u00e9 starosti s parkov\u00e1n\u00edm. Na\u0161e parkov\u00e1n\u00ed s obsluhou v\u00e1m zajist\u00ed pohodl\u00ed od p\u0159\u00edjezdu a\u017e po odjezd.<\/p>\n<h3 class=\"has-text-align-left\">Jak valet parking funguje?<\/h3>\n<p class=\"has-text-align-left\">Po p\u0159\u00edjezdu zastavte u hlavn\u00edho vchodu hotelu Mosaic House, kde prob\u00edh\u00e1 check-in, vylo\u017ete zavazadla a p\u0159edejte kl\u00ed\u010de od auta na recepci. N\u00e1\u0161 profesion\u00e1ln\u00ed t\u00fdm \u0159idi\u010d\u016f se postar\u00e1 o bezpe\u010dn\u00e9 zaparkov\u00e1n\u00ed va\u0161eho vozu, zat\u00edmco vy se m\u016f\u017eete pln\u011b v\u011bnovat sv\u00e9mu odpo\u010dinku.<\/p>\n<p class=\"has-text-align-left\">P\u0159i odjezdu sta\u010d\u00ed na recepci domluvit \u010das vyzvednut\u00ed auta \u2013 va\u0161e vozidlo bude p\u0159ipraveno p\u0159ed hotelem Mosaic House.<\/p>\n<p class=\"has-text-align-left\"><strong>Cena slu\u017eby:<\/strong> 750 CZK za auto na den pobytu.<\/p>\n<p class=\"has-text-align-left\"><strong>(Cena zahrnuje obsluhu, hl\u00eddan\u00e9 parkovi\u0161t\u011b a p\u0159istaven\u00ed vozu p\u0159i odjezdu.)<\/strong><\/p>\n<p class=\"has-text-align-left\">Rezervujte si m\u00edsto jednodu\u0161e pomoc\u00ed formul\u00e1\u0159e n\u00ed\u017ee nebo n\u00e1skontaktujte na e-mailu:\u00a0 <a href=\"mailto:downtown@mooo-apartments.com\">downtown@mooo-apartments.com<\/a><\/p>\n<p>Slu\u017eba valet parking je k dispozici ka\u017ed\u00fd den od 7:15 do 23:45. P\u0159i pozd\u011bj\u0161\u00edm p\u0159\u00edjezdu je mo\u017en\u00e9 v\u016fz zaparkovat v okol\u00ed hotelu na rezide\u010dn\u00edm st\u00e1n\u00ed (apartm\u00e1ny nemaj\u00ed fixn\u00ed m\u00edsta); n\u00e1sledn\u011b bude odvezen do gar\u00e1\u017e\u00ed.<\/p>\n<p>Pokud p\u0159ij\u00ed\u017ed\u00edte autem po p\u016flnoci, zaparkujte pros\u00edm p\u0159ed hotelem, vylo\u017ete si zavazadla a p\u0159ineste kl\u00ed\u010de od vozu na recepci k check-inu. Po dokon\u010den\u00ed registrace m\u016f\u017eete sv\u00e9 auto p\u0159esunout na n\u011bkterou z okoln\u00edch ulic ozna\u010den\u00fdch jako \u201efialov\u00e9 z\u00f3ny\u201c, kter\u00e9 jsou b\u011bhem noci zdarma k dispozici n\u00e1v\u0161t\u011bvn\u00edk\u016fm. Upozor\u0148ujeme, \u017ee okoln\u00ed ulice zahrnuj\u00ed tak\u00e9 \u201emodr\u00e9 z\u00f3ny\u201c, kter\u00e9 jsou vyhrazeny pouze pro rezidenty. N\u00e1\u0161 recep\u010dn\u00ed t\u00fdm V\u00e1m p\u0159i p\u0159\u00edjezdu r\u00e1d uk\u00e1\u017ee, kde se nach\u00e1zej\u00ed dostupn\u00e1 parkovac\u00ed m\u00edsta.<\/p>\n<p>Rezerva\u010dn\u00ed formul\u00e1\u0159:<br \/>\n<div class=\"frm_forms  with_frm_style frm_inline_form frm_inline_top frm_style_formidable-style-2\" id=\"frm_form_18_container\" >\n<form enctype=\"multipart\/form-data\" method=\"post\" class=\"frm-show-form \" id=\"form_contact-form332\" >\n<div class=\"frm_form_fields \">\n<fieldset>\n<legend class=\"frm_screen_reader\">Parking CZ<\/legend>\r\n\r\n<div class=\"frm_fields_container\">\n<input type=\"hidden\" name=\"frm_action\" value=\"create\" \/>\n<input type=\"hidden\" name=\"form_id\" value=\"18\" \/>\n<input type=\"hidden\" name=\"frm_hide_fields_18\" id=\"frm_hide_fields_18\" value=\"\" \/>\n<input type=\"hidden\" name=\"form_key\" value=\"contact-form332\" \/>\n<input type=\"hidden\" name=\"item_meta[0]\" value=\"\" \/>\n<input type=\"hidden\" id=\"frm_submit_entry_18\" name=\"frm_submit_entry_18\" value=\"9c9c45a247\" \/><input type=\"hidden\" name=\"_wp_http_referer\" value=\"\/downtown\/wp-json\/wp\/v2\/pages\/3398\" \/><div id=\"frm_field_192_container\" class=\"frm_form_field form-field  frm_required_field frm_top_container frm_martin_left_column\">\r\n    <label for=\"field_76b1l332\" id=\"field_76b1l332_label\" class=\"frm_primary_label\">Jm\u00e9no\r\n        <span class=\"frm_required\">*<\/span>\r\n    <\/label>\r\n    <input type=\"text\" id=\"field_76b1l332\" name=\"item_meta[192]\" value=\"\"  data-reqmsg=\"Jm\u00e9no cannot be blank.\" aria-required=\"true\" data-invmsg=\"Text is invalid\" aria-invalid=\"false\"  \/>\r\n    \r\n    \r\n<\/div>\n<div id=\"frm_field_193_container\" class=\"frm_form_field form-field  frm_required_field frm_top_container frm_martin_left_column\">\r\n    <label for=\"field_xs10s332\" id=\"field_xs10s332_label\" class=\"frm_primary_label\">P\u0159\u00edjmen\u00ed\r\n        <span class=\"frm_required\">*<\/span>\r\n    <\/label>\r\n    <input type=\"text\" id=\"field_xs10s332\" name=\"item_meta[193]\" value=\"\"  data-reqmsg=\"P\u0159\u00edjmen\u00ed cannot be blank.\" aria-required=\"true\" data-invmsg=\"Text is invalid\" aria-invalid=\"false\"  \/>\r\n    \r\n    \r\n<\/div>\n<div id=\"frm_field_194_container\" class=\"frm_form_field form-field  frm_required_field frm_top_container frm_martin_left_column\">\r\n    <label for=\"field_spqlo332\" id=\"field_spqlo332_label\" class=\"frm_primary_label\">\u010c\u00edslo potvrzen\u00e9 rezervace\r\n        <span class=\"frm_required\">*<\/span>\r\n    <\/label>\r\n    <input type=\"text\" id=\"field_spqlo332\" name=\"item_meta[194]\" value=\"\"  data-reqmsg=\"\u010c\u00edslo potvrzen\u00e9 rezervace cannot be blank.\" aria-required=\"true\" data-invmsg=\"Text is invalid\" aria-invalid=\"false\"  \/>\r\n    \r\n    \r\n<\/div>\n<div id=\"frm_field_195_container\" class=\"frm_form_field form-field  frm_required_field frm_top_container frm_martin_left_column\">\r\n    <label for=\"field_k46b0332\" id=\"field_k46b0332_label\" class=\"frm_primary_label\">Telefon\r\n        <span class=\"frm_required\">*<\/span>\r\n    <\/label>\r\n    <input type=\"text\" id=\"field_k46b0332\" name=\"item_meta[195]\" value=\"\"  data-reqmsg=\"Telefon cannot be blank.\" aria-required=\"true\" data-invmsg=\"Text is invalid\" aria-invalid=\"false\"  \/>\r\n    \r\n    \r\n<\/div>\n<div id=\"frm_field_196_container\" class=\"frm_form_field form-field  frm_required_field frm_top_container frm_martin_right_column\">\r\n    <label for=\"field_ybymp332\" id=\"field_ybymp332_label\" class=\"frm_primary_label\">E-mail\r\n        <span class=\"frm_required\">*<\/span>\r\n    <\/label>\r\n    <input type=\"email\" id=\"field_ybymp332\" name=\"item_meta[196]\" value=\"\"  data-reqmsg=\"E-mail cannot be blank.\" aria-required=\"true\" data-invmsg=\"Email is invalid.\" aria-invalid=\"false\"  \/>\r\n    \r\n    \r\n<\/div>\n<div id=\"frm_field_197_container\" class=\"frm_form_field form-field  frm_required_field frm_top_container\">\r\n\t<label for=\"field_yxu2z2\" id=\"field_yxu2z2_label\" class=\"frm_primary_label\">Datum p\u0159\u00edjezdu\r\n\t\t<span class=\"frm_required\" aria-hidden=\"true\">*<\/span>\r\n\t<\/label>\r\n\t<input type=\"text\" id=\"field_yxu2z2\" name=\"item_meta[197]\" value=\"\"  data-reqmsg=\"Datum p\u0159\u00edjezdu cannot be blank.\" aria-required=\"true\" data-invmsg=\"Datum p\u0159\u00edjezdu is invalid\" aria-invalid=\"false\"  \/>\r\n\t\r\n\t\r\n<\/div>\n<div id=\"frm_field_198_container\" class=\"frm_form_field form-field  frm_required_field frm_top_container\">\r\n\t<label for=\"field_sfz892\" id=\"field_sfz892_label\" class=\"frm_primary_label\">P\u0159ibli\u017en\u00fd \u010das odjezdu\r\n\t\t<span class=\"frm_required\" aria-hidden=\"true\">*<\/span>\r\n\t<\/label>\r\n\t<input type=\"text\" id=\"field_sfz892\" name=\"item_meta[198]\" value=\"\"  data-reqmsg=\"P\u0159ibli\u017en\u00fd \u010das odjezdu cannot be blank.\" aria-required=\"true\" data-invmsg=\"P\u0159ibli\u017en\u00fd \u010das odjezdu is invalid\" aria-invalid=\"false\"  \/>\r\n\t\r\n\t\r\n<\/div>\n<div id=\"frm_field_216_container\" class=\"frm_form_field form-field  frm_required_field frm_top_container\">\r\n\t<label for=\"field_dcv7a\" id=\"field_dcv7a_label\" class=\"frm_primary_label\">Model auta\r\n\t\t<span class=\"frm_required\" aria-hidden=\"true\">*<\/span>\r\n\t<\/label>\r\n\t<input type=\"text\" id=\"field_dcv7a\" name=\"item_meta[216]\" value=\"\"  data-reqmsg=\"Model auta cannot be blank.\" aria-required=\"true\" data-invmsg=\"Model auta is invalid\" aria-invalid=\"false\"  \/>\r\n\t\r\n\t\r\n<\/div>\n<div id=\"frm_field_199_container\" class=\"frm_form_field form-field  frm_required_field frm_top_container frm_martin_left_column vertical_radio\">\r\n    <div  id=\"field_3kw2_label\" class=\"frm_primary_label\">Souhlas se zpracov\u00e1n\u00edm osobn\u00edch \u00fadaj\u016f\r\n        <span class=\"frm_required\">*<\/span>\r\n    <\/div>\r\n    <div class=\"frm_opt_container\" aria-labelledby=\"field_3kw2_label\" role=\"group\">\t\t<div class=\"frm_checkbox\" id=\"frm_checkbox_199-0\">\t\t\t<label  for=\"field_3kw2-0\">\n\t\t\t<input type=\"checkbox\" name=\"item_meta[199][]\" id=\"field_3kw2-0\" value=\"Souhlas\u00edm se zpracov\u00e1n\u00edm osobn\u00edch \u00fadaj\u016f\"  data-reqmsg=\"Souhlas se zpracov\u00e1n\u00edm osobn\u00edch \u00fadaj\u016f cannot be blank.\" data-invmsg=\"Souhlas se zpracov\u00e1n\u00edm osobn\u00edch \u00fadaj\u016f is invalid\"   aria-required=\"true\"  \/> Souhlas\u00edm se zpracov\u00e1n\u00edm osobn\u00edch \u00fadaj\u016f<\/label><\/div>\n<\/div>\r\n    \r\n    \r\n<\/div>\n<div id=\"frm_field_200_container\" class=\"frm_form_field form-field  frm_none_container frm_martin_left_column\">\r\n    <label for=\"g-recaptcha-response\" id=\"field_jm1qn3_label\" class=\"frm_primary_label\">Captcha\r\n        <span class=\"frm_required\"><\/span>\r\n    <\/label>\r\n    <div  id=\"field_jm1qn3\" class=\"frm-g-recaptcha\" data-sitekey=\"6Le2ZAsaAAAAACuMHzXp-_Ut8htIUk77cjlq8qwm\" data-size=\"normal\" data-theme=\"light\"><\/div>\r\n    \r\n    \r\n<\/div>\n<div id=\"frm_field_201_container\" class=\"frm_form_field  frm_martin_left_column frm_html_container form-field\">\n<div class=\"frm_primary_label\">*Required<\/div>\n<\/div>\n<div id=\"frm_field_202_container\" class=\"frm_form_field form-field  frm_top_container vertical_radio\">\r\n\t<div  id=\"field_lfx42_label\" class=\"frm_primary_label\">\r\n\t\t<span class=\"frm_required\" aria-hidden=\"true\"><\/span>\r\n\t<\/div>\r\n\t<div class=\"frm_opt_container\" aria-labelledby=\"field_lfx42_label\" role=\"group\"><\/div>\r\n\t\r\n\t\r\n<\/div>\n<div id=\"frm_field_203_container\" class=\"frm_form_field form-field \">\r\n\t<div class=\"frm_martin_whole_row frm_submit frm_inline_submit\">\r\n\r\n<button class=\"frm_button_submit\" type=\"submit\"  >Odeslat<br><img decoding=\"async\" src=\"https:\/\/www.mooo-apartments.com\/downtown\/wp-content\/uploads\/2025\/01\/mail.png\"><\/button>\r\n\r\n<\/div>\r\n<\/div>\n\t<input type=\"hidden\" name=\"item_key\" value=\"\" \/>\n\t\t\t<div id=\"frm_field_226_container\">\n\t\t\t<label for=\"field_e2dc\"  style=\"display:none;\">\n\t\t\t\tIf you are human, leave this field blank.\t\t\t<\/label>\n\t\t\t<input  id=\"field_e2dc\" type=\"text\" class=\"frm_form_field form-field frm_verify\" name=\"item_meta[226]\" value=\"\"  style=\"display:none;\" \/>\n\t\t<\/div>\n\t\t<input name=\"frm_state\" type=\"hidden\" value=\"Wjfb4yN6o+kxMWYqBmCZZjKaz3htCzycJJfoBxOaQn8=\" \/><\/div>\n<\/fieldset>\n<\/div>\n\n<p style=\"display: none !important;\" class=\"akismet-fields-container\" data-prefix=\"ak_\"><label>&#916;<textarea name=\"ak_hp_textarea\" cols=\"45\" rows=\"8\" maxlength=\"100\"><\/textarea><\/label><input type=\"hidden\" id=\"ak_js_1\" name=\"ak_js\" value=\"162\"\/><script type=\"text\/javascript\">\n\/* <![CDATA[ *\/\ndocument.getElementById( \"ak_js_1\" ).setAttribute( \"value\", ( new Date() ).getTime() );\n\/* ]]> *\/\n<\/script>\n<\/p><\/form>\n<\/div>\n<\/p>\n","protected":false},"excerpt":{"rendered":"<p>PARKOV\u00c1N\u00cd BEZ N\u00c1MAHY V MOOo Downtown chceme, abyste si sv\u016fj pobyt u\u017eili naplno, a proto se postar\u00e1me o ve\u0161ker\u00e9 starosti s parkov\u00e1n\u00edm. Na\u0161e parkov\u00e1n\u00ed s obsluhou v\u00e1m zajist\u00ed pohodl\u00ed od p\u0159\u00edjezdu a\u017e po odjezd. Jak valet parking funguje? Po p\u0159\u00edjezdu zastavte u hlavn\u00edho vchodu hotelu Mosaic House, kde prob\u00edh\u00e1 check-in, vylo\u017ete zavazadla a p\u0159edejte kl\u00ed\u010de [&hellip;]<\/p>\n","protected":false},"author":8,"featured_media":0,"parent":0,"menu_order":0,"comment_status":"closed","ping_status":"closed","template":"","meta":{"inline_featured_image":false,"footnotes":""},"class_list":["post-3398","page","type-page","status-publish","hentry"],"aioseo_notices":[],"yoast_head":"<!-- This site is optimized with the Yoast SEO plugin v27.4 - https:\/\/yoast.com\/product\/yoast-seo-wordpress\/ -->\n<title>Parkov\u00e1n\u00ed - MOOO Downtown<\/title>\n<meta name=\"robots\" content=\"index, follow, max-snippet:-1, max-image-preview:large, max-video-preview:-1\" \/>\n<link rel=\"canonical\" href=\"https:\/\/www.mooo-apartments.com\/downtown\/cs\/parkovani\/\" \/>\n<meta property=\"og:locale\" content=\"en_US\" \/>\n<meta property=\"og:type\" content=\"article\" \/>\n<meta property=\"og:title\" content=\"Parkov\u00e1n\u00ed - MOOO Downtown\" \/>\n<meta property=\"og:description\" content=\"PARKOV\u00c1N\u00cd BEZ N\u00c1MAHY V MOOo Downtown chceme, abyste si sv\u016fj pobyt u\u017eili naplno, a proto se postar\u00e1me o ve\u0161ker\u00e9 starosti s parkov\u00e1n\u00edm. Na\u0161e parkov\u00e1n\u00ed s obsluhou v\u00e1m zajist\u00ed pohodl\u00ed od p\u0159\u00edjezdu a\u017e po odjezd. Jak valet parking funguje? Po p\u0159\u00edjezdu zastavte u hlavn\u00edho vchodu hotelu Mosaic House, kde prob\u00edh\u00e1 check-in, vylo\u017ete zavazadla a p\u0159edejte kl\u00ed\u010de [&hellip;]\" \/>\n<meta property=\"og:url\" content=\"https:\/\/www.mooo-apartments.com\/downtown\/cs\/parkovani\/\" \/>\n<meta property=\"og:site_name\" content=\"MOOO Downtown\" \/>\n<meta property=\"article:modified_time\" content=\"2025-11-11T15:37:16+00:00\" \/>\n<meta name=\"twitter:card\" content=\"summary_large_image\" \/>\n<meta name=\"twitter:label1\" content=\"Est. reading time\" \/>\n\t<meta name=\"twitter:data1\" content=\"2 minutes\" \/>\n<script type=\"application\/ld+json\" class=\"yoast-schema-graph\">{\"@context\":\"https:\\\/\\\/schema.org\",\"@graph\":[{\"@type\":\"WebPage\",\"@id\":\"https:\\\/\\\/www.mooo-apartments.com\\\/downtown\\\/cs\\\/parkovani\\\/\",\"url\":\"https:\\\/\\\/www.mooo-apartments.com\\\/downtown\\\/cs\\\/parkovani\\\/\",\"name\":\"Parkov\u00e1n\u00ed - MOOO Downtown\",\"isPartOf\":{\"@id\":\"https:\\\/\\\/www.mooo-apartments.com\\\/downtown\\\/#website\"},\"datePublished\":\"2025-01-09T08:49:14+00:00\",\"dateModified\":\"2025-11-11T15:37:16+00:00\",\"breadcrumb\":{\"@id\":\"https:\\\/\\\/www.mooo-apartments.com\\\/downtown\\\/cs\\\/parkovani\\\/#breadcrumb\"},\"inLanguage\":\"en-US\",\"potentialAction\":[{\"@type\":\"ReadAction\",\"target\":[\"https:\\\/\\\/www.mooo-apartments.com\\\/downtown\\\/cs\\\/parkovani\\\/\"]}]},{\"@type\":\"BreadcrumbList\",\"@id\":\"https:\\\/\\\/www.mooo-apartments.com\\\/downtown\\\/cs\\\/parkovani\\\/#breadcrumb\",\"itemListElement\":[{\"@type\":\"ListItem\",\"position\":1,\"name\":\"Home\",\"item\":\"https:\\\/\\\/www.mooo-apartments.com\\\/downtown\\\/en\\\/\"},{\"@type\":\"ListItem\",\"position\":2,\"name\":\"Parkov\u00e1n\u00ed\"}]},{\"@type\":\"WebSite\",\"@id\":\"https:\\\/\\\/www.mooo-apartments.com\\\/downtown\\\/#website\",\"url\":\"https:\\\/\\\/www.mooo-apartments.com\\\/downtown\\\/\",\"name\":\"MOOO Downtown\",\"description\":\"MOOO Downtown\",\"potentialAction\":[{\"@type\":\"SearchAction\",\"target\":{\"@type\":\"EntryPoint\",\"urlTemplate\":\"https:\\\/\\\/www.mooo-apartments.com\\\/downtown\\\/?s={search_term_string}\"},\"query-input\":{\"@type\":\"PropertyValueSpecification\",\"valueRequired\":true,\"valueName\":\"search_term_string\"}}],\"inLanguage\":\"en-US\"}]}<\/script>\n<!-- \/ Yoast SEO plugin. -->","yoast_head_json":{"title":"Parkov\u00e1n\u00ed - MOOO Downtown","robots":{"index":"index","follow":"follow","max-snippet":"max-snippet:-1","max-image-preview":"max-image-preview:large","max-video-preview":"max-video-preview:-1"},"canonical":"https:\/\/www.mooo-apartments.com\/downtown\/cs\/parkovani\/","og_locale":"en_US","og_type":"article","og_title":"Parkov\u00e1n\u00ed - MOOO Downtown","og_description":"PARKOV\u00c1N\u00cd BEZ N\u00c1MAHY V MOOo Downtown chceme, abyste si sv\u016fj pobyt u\u017eili naplno, a proto se postar\u00e1me o ve\u0161ker\u00e9 starosti s parkov\u00e1n\u00edm. Na\u0161e parkov\u00e1n\u00ed s obsluhou v\u00e1m zajist\u00ed pohodl\u00ed od p\u0159\u00edjezdu a\u017e po odjezd. Jak valet parking funguje? Po p\u0159\u00edjezdu zastavte u hlavn\u00edho vchodu hotelu Mosaic House, kde prob\u00edh\u00e1 check-in, vylo\u017ete zavazadla a p\u0159edejte kl\u00ed\u010de [&hellip;]","og_url":"https:\/\/www.mooo-apartments.com\/downtown\/cs\/parkovani\/","og_site_name":"MOOO Downtown","article_modified_time":"2025-11-11T15:37:16+00:00","twitter_card":"summary_large_image","twitter_misc":{"Est. reading time":"2 minutes"},"schema":{"@context":"https:\/\/schema.org","@graph":[{"@type":"WebPage","@id":"https:\/\/www.mooo-apartments.com\/downtown\/cs\/parkovani\/","url":"https:\/\/www.mooo-apartments.com\/downtown\/cs\/parkovani\/","name":"Parkov\u00e1n\u00ed - MOOO Downtown","isPartOf":{"@id":"https:\/\/www.mooo-apartments.com\/downtown\/#website"},"datePublished":"2025-01-09T08:49:14+00:00","dateModified":"2025-11-11T15:37:16+00:00","breadcrumb":{"@id":"https:\/\/www.mooo-apartments.com\/downtown\/cs\/parkovani\/#breadcrumb"},"inLanguage":"en-US","potentialAction":[{"@type":"ReadAction","target":["https:\/\/www.mooo-apartments.com\/downtown\/cs\/parkovani\/"]}]},{"@type":"BreadcrumbList","@id":"https:\/\/www.mooo-apartments.com\/downtown\/cs\/parkovani\/#breadcrumb","itemListElement":[{"@type":"ListItem","position":1,"name":"Home","item":"https:\/\/www.mooo-apartments.com\/downtown\/en\/"},{"@type":"ListItem","position":2,"name":"Parkov\u00e1n\u00ed"}]},{"@type":"WebSite","@id":"https:\/\/www.mooo-apartments.com\/downtown\/#website","url":"https:\/\/www.mooo-apartments.com\/downtown\/","name":"MOOO Downtown","description":"MOOO Downtown","potentialAction":[{"@type":"SearchAction","target":{"@type":"EntryPoint","urlTemplate":"https:\/\/www.mooo-apartments.com\/downtown\/?s={search_term_string}"},"query-input":{"@type":"PropertyValueSpecification","valueRequired":true,"valueName":"search_term_string"}}],"inLanguage":"en-US"}]}},"_links":{"self":[{"href":"https:\/\/www.mooo-apartments.com\/downtown\/wp-json\/wp\/v2\/pages\/3398","targetHints":{"allow":["GET"]}}],"collection":[{"href":"https:\/\/www.mooo-apartments.com\/downtown\/wp-json\/wp\/v2\/pages"}],"about":[{"href":"https:\/\/www.mooo-apartments.com\/downtown\/wp-json\/wp\/v2\/types\/page"}],"author":[{"embeddable":true,"href":"https:\/\/www.mooo-apartments.com\/downtown\/wp-json\/wp\/v2\/users\/8"}],"replies":[{"embeddable":true,"href":"https:\/\/www.mooo-apartments.com\/downtown\/wp-json\/wp\/v2\/comments?post=3398"}],"version-history":[{"count":7,"href":"https:\/\/www.mooo-apartments.com\/downtown\/wp-json\/wp\/v2\/pages\/3398\/revisions"}],"predecessor-version":[{"id":3554,"href":"https:\/\/www.mooo-apartments.com\/downtown\/wp-json\/wp\/v2\/pages\/3398\/revisions\/3554"}],"wp:attachment":[{"href":"https:\/\/www.mooo-apartments.com\/downtown\/wp-json\/wp\/v2\/media?parent=3398"}],"curies":[{"name":"wp","href":"https:\/\/api.w.org\/{rel}","templated":true}]}}