{"id":2342,"date":"2020-08-02T15:40:21","date_gmt":"2020-08-02T15:40:21","guid":{"rendered":"https:\/\/www2.mooo-apartments.com\/downtown\/?page_id=2342"},"modified":"2020-08-02T15:42:42","modified_gmt":"2020-08-02T15:42:42","slug":"zasady-ochrany-soukromi","status":"publish","type":"page","link":"https:\/\/www.mooo-apartments.com\/downtown\/cs\/zasady-ochrany-soukromi\/","title":{"rendered":"Z\u00e1sady ochrany soukrom\u00ed"},"content":{"rendered":"<p>V\u00e1\u017een\u00ed host\u00e9,<\/p>\n<p>spole\u010dnost Mosaic House s. r. o., Odbor\u016f 278\/4, 120 00 Praha 2 (d\u00e1le jen spr\u00e1vce) si je v\u011bdoma nebezpe\u010d\u00ed, kter\u00e9 pramen\u00ed z nezodpov\u011bdn\u00e9ho zpracov\u00e1n\u00ed osobn\u00edch \u00fadaj\u016f. Proto v\u00edt\u00e1me NA\u0158\u00cdZEN\u00cd EVROPSK\u00c9HO PARLAMENTU A RADY (EU) 2016\/679 ze dne 27. dubna 2016 o ochran\u011b fyzick\u00fdch osob v souvislosti se zpracov\u00e1n\u00edm osobn\u00edch \u00fadaj\u016f a o voln\u00e9m pohybu t\u011bchto \u00fadaj\u016f a o zru\u0161en\u00ed sm\u011brnice 95\/46\/ES (obecn\u00e9 na\u0159\u00edzen\u00ed o ochran\u011b osobn\u00edch \u00fadaj\u016f), (d\u00e1le jen \u201eGDPR\u201c).<\/p>\n<p>T\u00edmto prohl\u00e1\u0161en\u00edm informujeme sv\u00e9 z\u00e1kazn\u00edky, \u017ee jako spr\u00e1vce zpracov\u00e1v\u00e1me poskytnut\u00e9 osobn\u00ed \u00fadaje za \u00fa\u010delem:<\/p>\n<p>spln\u011bn\u00ed pr\u00e1vn\u00ed povinnosti, kter\u00e9 vypl\u00fdvaj\u00ed z pr\u00e1vn\u00edch p\u0159edpis\u016f upravuj\u00edc\u00edch pr\u00e1va a povinnosti v souvislosti s ochranou spot\u0159ebitele a veden\u00edm \u00fa\u010detnictv\u00ed<br \/>\nidentifikace ubytovan\u00fdch host\u016f pro zaji\u0161t\u011bn\u00ed jejich bezpe\u010dnosti<br \/>\nochrana osob a majetku<br \/>\nzas\u00edl\u00e1n\u00ed obchodn\u00edch sd\u011blen\u00ed, kdy spr\u00e1vce m\u00e1 v dan\u00e9m p\u0159\u00edpad\u011b opr\u00e1vn\u011bn\u00fd z\u00e1jem na udr\u017een\u00ed kontaktu se st\u00e1vaj\u00edc\u00edm z\u00e1kazn\u00edkem<\/p>\n<p>Spr\u00e1vce se zavazuje zlikvidovat poskytnut\u00e9 osobn\u00ed \u00fadaje po uplynut\u00ed doby:<\/p>\n<p>ve\u0161ker\u00e9 osobn\u00ed \u00fadaje poskytnut\u00e9 digit\u00e1ln\u011b a uchovan\u00e9 v hotelov\u00e9m syst\u00e9mu 5 let od posledn\u00ed registrace v syst\u00e9mu (ubytov\u00e1n\u00ed)<br \/>\nvystaven\u00e9 doklady 10 let od posledn\u00ed fakturace v p\u0159\u00edpad\u011b z\u00e1konn\u00e9 povinnosti \u2013 Z\u00e1kon o dani z p\u0159idan\u00e9 hodnoty (z\u00e1kon \u010d. 235\/2004 Sb.)<br \/>\ndomovn\u00ed kniha 6 let od posledn\u00ed registrace (ubytov\u00e1n\u00ed) \u2013 Z\u00e1kon o pobytu cizinc\u016f na \u00fazem\u00ed \u010cesk\u00e9 republiky a o zm\u011bn\u011b n\u011bkter\u00fdch z\u00e1kon\u016f (Z\u00e1kon \u010d. 326\/1999 Sb)<\/p>\n<p>Rozsah osobn\u00edch \u00fadaj\u016f:<\/p>\n<p>spr\u00e1vce se zavazuje zpracov\u00e1vat osobn\u00ed \u00fadaje jen v nezbytn\u00e9m rozsahu ve vztahu k v\u00fd\u0161e uveden\u00fdm \u00fa\u010del\u016fm, pro kter\u00e9 jsou zpracov\u00e1v\u00e1ny<\/p>\n<p>Spr\u00e1vce prohla\u0161uje, \u017ee osobn\u00ed \u00fadaje budou zp\u0159\u00edstupn\u011bny jen p\u0159\u00edslu\u0161n\u00fdm zam\u011bstnanc\u016fm spr\u00e1vce, kte\u0159\u00ed maj\u00ed povinnost zachov\u00e1vat ml\u010denlivost o t\u011bchto \u00fadaj\u00edch, jako\u017e i o bezpe\u010dnostn\u00edch opat\u0159en\u00edch, jejich\u017e zve\u0159ejn\u011bn\u00ed by ohrozilo zabezpe\u010den\u00ed t\u011bchto osobn\u00edch \u00fadaj\u016f. Spr\u00e1vce prohla\u0161uje, \u017ee osobn\u00ed \u00fadaje pro v\u00fd\u0161e uveden\u00e9 \u00fa\u010dely budou poskytov\u00e1ny n\u00ed\u017ee uveden\u00fdm zpracovatel\u016fm za \u00fa\u010delem:<\/p>\n<p>C4You, s. r. o. Poup\u011btova 3, 170 00 Praha 7 \u2013 poskytovatel IT slu\u017eeb<br \/>\nGoogle LLC, 1600 Amphitheatre Parkway, Mountain View, CA 94043, Spojen\u00e9 st\u00e1ty americk\u00e9 \u2013 poskytovatel datov\u00e9ho \u00falo\u017ei\u0161t\u011b<br \/>\nMEWS SYSTEMS, s.r.o., Maiselova 25\/4, Star\u00e9 M\u011bsto, 110 00 Praha 1 \u2013 poskytovatel on-line rezerva\u010dn\u00edho syst\u00e9mu<br \/>\nMOJU properties s.r.o., Dukelsk\u00fdch hrdin\u016f 564\/34, Hole\u0161ovice, 170 00 Praha 7 \u2013 zpracov\u00e1n\u00ed \u00fa\u010detnictv\u00ed<\/p>\n<p>Spr\u00e1vce upozor\u0148uje z\u00e1kazn\u00edka na skute\u010dnost, \u017ee bude doch\u00e1zet k profilov\u00e1n\u00ed (forma automatizovan\u00e9ho zpracov\u00e1n\u00ed osobn\u00edch \u00fadaj\u016f z\u00e1kazn\u00edka spo\u010d\u00edvaj\u00edc\u00ed v pou\u017eit\u00ed osobn\u00edch \u00fadaj\u016f k vyhodnocov\u00e1n\u00ed n\u011bkter\u00fdch osobn\u00edch aspekt\u016f vztahuj\u00edc\u00edch se k z\u00e1kazn\u00edkovi, zejm\u00e9na k rozboru nebo odhadu aspekt\u016f t\u00fdkaj\u00edc\u00edch se osobn\u00edch preferenc\u00ed a z\u00e1jm\u016f). Spr\u00e1vce vyu\u017e\u00edv\u00e1 profilov\u00e1n\u00ed pouze za \u00fa\u010delem personalizace nab\u00eddek slu\u017eeb (c\u00edlen\u00e1 reklama). Vznese-li z\u00e1kazn\u00edk n\u00e1mitku proti profilov\u00e1n\u00ed, zavazuje se spr\u00e1vce profilov\u00e1n\u00ed ve vztahu k z\u00e1kazn\u00edkovi ukon\u010dit.<br \/>\nPr\u00e1va subjektu \u00fadaj\u016f Spr\u00e1vce informuje z\u00e1kazn\u00edka o pr\u00e1vech, kter\u00e9 mu vypl\u00fdvaj\u00ed z na\u0159\u00edzen\u00ed GDPR, zejm\u00e9na:<br \/>\npr\u00e1va na p\u0159\u00edstup k osobn\u00edm \u00fadaj\u016f (subjekt \u00fadaj\u016f m\u00e1 pr\u00e1vo z\u00edskat od spr\u00e1vce potvrzen\u00ed, zda osobn\u00ed \u00fadaje, kter\u00e9 se ho t\u00fdkaj\u00ed, jsou \u010di nejsou zpracov\u00e1v\u00e1ny dle \u010dl. 15 na\u0159\u00edzen\u00ed GDPR);<\/p>\n<p>pr\u00e1va na opravu (subjekt \u00fadaj\u016f m\u00e1 pr\u00e1vo na to, aby spr\u00e1vce bez zbyte\u010dn\u00e9ho odkladu opravil nep\u0159esn\u00e9 osobn\u00ed \u00fadaje, kter\u00e9 se ho t\u00fdkaj\u00ed a rovn\u011b\u017e pr\u00e1vo na dopln\u011bn\u00ed ne\u00fapln\u00fdch osobn\u00edch \u00fadaj\u016f dle \u010dl. 16 na\u0159\u00edzen\u00ed GDPR);<\/p>\n<p>pr\u00e1va na v\u00fdmaz (subjekt \u00fadaj\u016f m\u00e1 pr\u00e1vo na to, aby spr\u00e1vce bez zbyte\u010dn\u00e9ho odkladu vymazal osobn\u00ed \u00fadaje, kter\u00e9 se subjektu \u00fadaj\u016f t\u00fdkaj\u00ed, pokud je d\u00e1n jeden z d\u016fvod\u016f uveden\u00fdch v \u010dl. 17 na\u0159\u00edzen\u00ed GDPR);<\/p>\n<p>pr\u00e1va na omezen\u00ed zpracov\u00e1n\u00ed (subjekt \u00fadaj\u016f m\u00e1 pr\u00e1vo na to, aby spr\u00e1vce omezil zpracov\u00e1n\u00ed, v p\u0159\u00edpadech stanoven\u00fdch v \u010dl. 18 na\u0159\u00edzen\u00ed GDPR);<\/p>\n<p>pr\u00e1vo na p\u0159enositelnost \u00fadaj\u016f (subjekt \u00fadaj\u016f m\u00e1 pr\u00e1vo z\u00edskat osobn\u00ed \u00fadaje, kter\u00e9 se ho t\u00fdkaj\u00ed, je\u017e poskytl spr\u00e1vci, ve strukturovan\u00e9m, b\u011b\u017en\u011b pou\u017e\u00edvan\u00e9m a strojov\u011b \u010diteln\u00e9m form\u00e1tu, a pr\u00e1vo p\u0159edat tyto \u00fadaje jin\u00e9mu spr\u00e1vci, ani\u017e by tomu spr\u00e1vce, kter\u00e9mu byly osobn\u00ed \u00fadaje poskytnuty, br\u00e1nil, a to v p\u0159\u00edpadech uveden\u00fdch v \u010dl. 20 na\u0159\u00edzen\u00ed GDPR);<\/p>\n<p>z\u00e1kazn\u00edk m\u016f\u017ee uplatnit pr\u00e1vo na p\u0159enositelnost \u00fadaj\u016f pouze v p\u0159\u00edpad\u011b zpracov\u00e1n\u00ed osobn\u00edch \u00fadaj\u016f za \u00fa\u010delem spln\u011bn\u00ed smlouvy dle \u010dl. 20 na\u0159\u00edzen\u00ed GDPR.<\/p>\n<p>pr\u00e1va vzn\u00e9st n\u00e1mitku (subjekt \u00fadaj\u016f m\u00e1 z d\u016fvod\u016f t\u00fdkaj\u00edc\u00edch se jeho konkr\u00e9tn\u00ed situace pr\u00e1vo kdykoli vzn\u00e9st n\u00e1mitku proti zpracov\u00e1n\u00ed osobn\u00edch \u00fadaj\u016f, kter\u00e9 se jej t\u00fdkaj\u00ed, na z\u00e1klad\u011b \u010dl. 6 odst. 1 p\u00edsm. e) nebo f) na\u0159\u00edzen\u00ed GDPR, v\u010detn\u011b profilov\u00e1n\u00ed zalo\u017een\u00e9ho na t\u011bchto ustanoven\u00edch dle \u010dl. 21 na\u0159\u00edzen\u00ed GDPR);<\/p>\n<p>z\u00e1kazn\u00edk m\u016f\u017ee uplatnit pr\u00e1vo vzn\u00e9st n\u00e1mitku pouze v p\u0159\u00edpad\u011b zpracov\u00e1n\u00ed osobn\u00edch \u00fadaj\u016f za \u00fa\u010delem zas\u00edl\u00e1n\u00ed obchodn\u00edch sd\u011blen\u00ed (p\u0159\u00edm\u00fd marketing), co\u017e zahrnuje i profilov\u00e1n\u00ed, pokud se t\u00fdk\u00e1 tohoto p\u0159\u00edm\u00e9ho marketingu dle \u010dl. 21 na\u0159\u00edzen\u00ed GDPR (viz v\u00fd\u0161e);<\/p>\n<p>pr\u00e1va neb\u00fdt p\u0159edm\u011btem \u017e\u00e1dn\u00e9ho rozhodnut\u00ed zalo\u017een\u00e9ho v\u00fdhradn\u011b na automatizovan\u00e9m zpracov\u00e1n\u00ed (subjekt \u00fadaj\u016f m\u00e1 pr\u00e1vo neb\u00fdt p\u0159edm\u011btem \u017e\u00e1dn\u00e9ho rozhodnut\u00ed zalo\u017een\u00e9ho v\u00fdhradn\u011b na automatizovan\u00e9m zpracov\u00e1n\u00ed, v\u010detn\u011b profilov\u00e1n\u00ed, kter\u00e9 m\u00e1 pro n\u011bho pr\u00e1vn\u00ed \u00fa\u010dinky nebo se ho obdobn\u00fdm zp\u016fsobem v\u00fdznamn\u011b dot\u00fdk\u00e1 dle \u010dl. 22 GDPR);<\/p>\n<p>pr\u00e1va podat st\u00ed\u017enost u dozorov\u00e9ho \u00fa\u0159adu, kter\u00fdm je \u00da\u0159ad pro ochranu osobn\u00edch \u00fadaj\u016f, se s\u00eddlem Pplk. Sochora 727\/27, PS\u010c 170 00, Praha 7<\/p>\n<p>Kontakt pro z\u00e1kazn\u00edka na dotaz ohledn\u011b poskytnut\u00fdch osobn\u00edch \u00fadaj\u016f, \u017e\u00e1dost na v\u00fdmaz, p\u0159enos nebo \u00fapravu poskytnut\u00fdch osobn\u00edch \u00fadaj\u016f je GDPR@mosaichouse.com<\/p>\n","protected":false},"excerpt":{"rendered":"<p>V\u00e1\u017een\u00ed host\u00e9, spole\u010dnost Mosaic House s. r. o., Odbor\u016f 278\/4, 120 00 Praha 2 (d\u00e1le jen spr\u00e1vce) si je v\u011bdoma nebezpe\u010d\u00ed, kter\u00e9 pramen\u00ed z nezodpov\u011bdn\u00e9ho zpracov\u00e1n\u00ed osobn\u00edch \u00fadaj\u016f. Proto v\u00edt\u00e1me NA\u0158\u00cdZEN\u00cd EVROPSK\u00c9HO PARLAMENTU A RADY (EU) 2016\/679 ze dne 27. dubna 2016 o ochran\u011b fyzick\u00fdch osob v souvislosti se zpracov\u00e1n\u00edm osobn\u00edch \u00fadaj\u016f a o voln\u00e9m [&hellip;]<\/p>\n","protected":false},"author":3,"featured_media":0,"parent":0,"menu_order":0,"comment_status":"closed","ping_status":"closed","template":"","meta":{"inline_featured_image":false,"footnotes":""},"class_list":["post-2342","page","type-page","status-publish","hentry"],"aioseo_notices":[],"yoast_head":"<!-- This site is optimized with the Yoast SEO plugin v27.5 - https:\/\/yoast.com\/product\/yoast-seo-wordpress\/ -->\n<title>Z\u00e1sady ochrany soukrom\u00ed - MOOO Downtown<\/title>\n<meta name=\"robots\" content=\"index, follow, max-snippet:-1, max-image-preview:large, max-video-preview:-1\" \/>\n<link rel=\"canonical\" href=\"https:\/\/www.mooo-apartments.com\/downtown\/cs\/zasady-ochrany-soukromi\/\" \/>\n<meta property=\"og:locale\" content=\"en_US\" \/>\n<meta property=\"og:type\" content=\"article\" \/>\n<meta property=\"og:title\" content=\"Z\u00e1sady ochrany soukrom\u00ed - MOOO Downtown\" \/>\n<meta property=\"og:description\" content=\"V\u00e1\u017een\u00ed host\u00e9, spole\u010dnost Mosaic House s. r. o., Odbor\u016f 278\/4, 120 00 Praha 2 (d\u00e1le jen spr\u00e1vce) si je v\u011bdoma nebezpe\u010d\u00ed, kter\u00e9 pramen\u00ed z nezodpov\u011bdn\u00e9ho zpracov\u00e1n\u00ed osobn\u00edch \u00fadaj\u016f. Proto v\u00edt\u00e1me NA\u0158\u00cdZEN\u00cd EVROPSK\u00c9HO PARLAMENTU A RADY (EU) 2016\/679 ze dne 27. dubna 2016 o ochran\u011b fyzick\u00fdch osob v souvislosti se zpracov\u00e1n\u00edm osobn\u00edch \u00fadaj\u016f a o voln\u00e9m [&hellip;]\" \/>\n<meta property=\"og:url\" content=\"https:\/\/www.mooo-apartments.com\/downtown\/cs\/zasady-ochrany-soukromi\/\" \/>\n<meta property=\"og:site_name\" content=\"MOOO Downtown\" \/>\n<meta property=\"article:modified_time\" content=\"2020-08-02T15:42:42+00:00\" \/>\n<meta name=\"twitter:card\" content=\"summary_large_image\" \/>\n<meta name=\"twitter:label1\" content=\"Est. reading time\" \/>\n\t<meta name=\"twitter:data1\" content=\"5 minutes\" \/>\n<script type=\"application\/ld+json\" class=\"yoast-schema-graph\">{\"@context\":\"https:\\\/\\\/schema.org\",\"@graph\":[{\"@type\":\"WebPage\",\"@id\":\"https:\\\/\\\/www.mooo-apartments.com\\\/downtown\\\/cs\\\/zasady-ochrany-soukromi\\\/\",\"url\":\"https:\\\/\\\/www.mooo-apartments.com\\\/downtown\\\/cs\\\/zasady-ochrany-soukromi\\\/\",\"name\":\"Z\u00e1sady ochrany soukrom\u00ed - MOOO Downtown\",\"isPartOf\":{\"@id\":\"https:\\\/\\\/www.mooo-apartments.com\\\/downtown\\\/#website\"},\"datePublished\":\"2020-08-02T15:40:21+00:00\",\"dateModified\":\"2020-08-02T15:42:42+00:00\",\"breadcrumb\":{\"@id\":\"https:\\\/\\\/www.mooo-apartments.com\\\/downtown\\\/cs\\\/zasady-ochrany-soukromi\\\/#breadcrumb\"},\"inLanguage\":\"en-US\",\"potentialAction\":[{\"@type\":\"ReadAction\",\"target\":[\"https:\\\/\\\/www.mooo-apartments.com\\\/downtown\\\/cs\\\/zasady-ochrany-soukromi\\\/\"]}]},{\"@type\":\"BreadcrumbList\",\"@id\":\"https:\\\/\\\/www.mooo-apartments.com\\\/downtown\\\/cs\\\/zasady-ochrany-soukromi\\\/#breadcrumb\",\"itemListElement\":[{\"@type\":\"ListItem\",\"position\":1,\"name\":\"Home\",\"item\":\"https:\\\/\\\/www.mooo-apartments.com\\\/downtown\\\/en\\\/\"},{\"@type\":\"ListItem\",\"position\":2,\"name\":\"Z\u00e1sady ochrany soukrom\u00ed\"}]},{\"@type\":\"WebSite\",\"@id\":\"https:\\\/\\\/www.mooo-apartments.com\\\/downtown\\\/#website\",\"url\":\"https:\\\/\\\/www.mooo-apartments.com\\\/downtown\\\/\",\"name\":\"MOOO Downtown\",\"description\":\"MOOO Downtown\",\"potentialAction\":[{\"@type\":\"SearchAction\",\"target\":{\"@type\":\"EntryPoint\",\"urlTemplate\":\"https:\\\/\\\/www.mooo-apartments.com\\\/downtown\\\/?s={search_term_string}\"},\"query-input\":{\"@type\":\"PropertyValueSpecification\",\"valueRequired\":true,\"valueName\":\"search_term_string\"}}],\"inLanguage\":\"en-US\"}]}<\/script>\n<!-- \/ Yoast SEO plugin. -->","yoast_head_json":{"title":"Z\u00e1sady ochrany soukrom\u00ed - MOOO Downtown","robots":{"index":"index","follow":"follow","max-snippet":"max-snippet:-1","max-image-preview":"max-image-preview:large","max-video-preview":"max-video-preview:-1"},"canonical":"https:\/\/www.mooo-apartments.com\/downtown\/cs\/zasady-ochrany-soukromi\/","og_locale":"en_US","og_type":"article","og_title":"Z\u00e1sady ochrany soukrom\u00ed - MOOO Downtown","og_description":"V\u00e1\u017een\u00ed host\u00e9, spole\u010dnost Mosaic House s. r. o., Odbor\u016f 278\/4, 120 00 Praha 2 (d\u00e1le jen spr\u00e1vce) si je v\u011bdoma nebezpe\u010d\u00ed, kter\u00e9 pramen\u00ed z nezodpov\u011bdn\u00e9ho zpracov\u00e1n\u00ed osobn\u00edch \u00fadaj\u016f. Proto v\u00edt\u00e1me NA\u0158\u00cdZEN\u00cd EVROPSK\u00c9HO PARLAMENTU A RADY (EU) 2016\/679 ze dne 27. dubna 2016 o ochran\u011b fyzick\u00fdch osob v souvislosti se zpracov\u00e1n\u00edm osobn\u00edch \u00fadaj\u016f a o voln\u00e9m [&hellip;]","og_url":"https:\/\/www.mooo-apartments.com\/downtown\/cs\/zasady-ochrany-soukromi\/","og_site_name":"MOOO Downtown","article_modified_time":"2020-08-02T15:42:42+00:00","twitter_card":"summary_large_image","twitter_misc":{"Est. reading time":"5 minutes"},"schema":{"@context":"https:\/\/schema.org","@graph":[{"@type":"WebPage","@id":"https:\/\/www.mooo-apartments.com\/downtown\/cs\/zasady-ochrany-soukromi\/","url":"https:\/\/www.mooo-apartments.com\/downtown\/cs\/zasady-ochrany-soukromi\/","name":"Z\u00e1sady ochrany soukrom\u00ed - MOOO Downtown","isPartOf":{"@id":"https:\/\/www.mooo-apartments.com\/downtown\/#website"},"datePublished":"2020-08-02T15:40:21+00:00","dateModified":"2020-08-02T15:42:42+00:00","breadcrumb":{"@id":"https:\/\/www.mooo-apartments.com\/downtown\/cs\/zasady-ochrany-soukromi\/#breadcrumb"},"inLanguage":"en-US","potentialAction":[{"@type":"ReadAction","target":["https:\/\/www.mooo-apartments.com\/downtown\/cs\/zasady-ochrany-soukromi\/"]}]},{"@type":"BreadcrumbList","@id":"https:\/\/www.mooo-apartments.com\/downtown\/cs\/zasady-ochrany-soukromi\/#breadcrumb","itemListElement":[{"@type":"ListItem","position":1,"name":"Home","item":"https:\/\/www.mooo-apartments.com\/downtown\/en\/"},{"@type":"ListItem","position":2,"name":"Z\u00e1sady ochrany soukrom\u00ed"}]},{"@type":"WebSite","@id":"https:\/\/www.mooo-apartments.com\/downtown\/#website","url":"https:\/\/www.mooo-apartments.com\/downtown\/","name":"MOOO Downtown","description":"MOOO Downtown","potentialAction":[{"@type":"SearchAction","target":{"@type":"EntryPoint","urlTemplate":"https:\/\/www.mooo-apartments.com\/downtown\/?s={search_term_string}"},"query-input":{"@type":"PropertyValueSpecification","valueRequired":true,"valueName":"search_term_string"}}],"inLanguage":"en-US"}]}},"_links":{"self":[{"href":"https:\/\/www.mooo-apartments.com\/downtown\/wp-json\/wp\/v2\/pages\/2342","targetHints":{"allow":["GET"]}}],"collection":[{"href":"https:\/\/www.mooo-apartments.com\/downtown\/wp-json\/wp\/v2\/pages"}],"about":[{"href":"https:\/\/www.mooo-apartments.com\/downtown\/wp-json\/wp\/v2\/types\/page"}],"author":[{"embeddable":true,"href":"https:\/\/www.mooo-apartments.com\/downtown\/wp-json\/wp\/v2\/users\/3"}],"replies":[{"embeddable":true,"href":"https:\/\/www.mooo-apartments.com\/downtown\/wp-json\/wp\/v2\/comments?post=2342"}],"version-history":[{"count":0,"href":"https:\/\/www.mooo-apartments.com\/downtown\/wp-json\/wp\/v2\/pages\/2342\/revisions"}],"wp:attachment":[{"href":"https:\/\/www.mooo-apartments.com\/downtown\/wp-json\/wp\/v2\/media?parent=2342"}],"curies":[{"name":"wp","href":"https:\/\/api.w.org\/{rel}","templated":true}]}}