{"id":972,"date":"2020-01-02T20:56:38","date_gmt":"2020-01-02T20:56:38","guid":{"rendered":"http:\/\/www.phitechnologies.de\/?page_id=972"},"modified":"2025-06-05T14:03:17","modified_gmt":"2025-06-05T14:03:17","slug":"bedingungen","status":"publish","type":"page","link":"https:\/\/www.mooo-apartments.com\/castle\/de\/bedingungen\/","title":{"rendered":"Bedingungen"},"content":{"rendered":"\r\n<h1>MOOo APARTMENTS &#8211; Terms and Conditions<\/h1>\r\n\r\n\r\n\r\n<p><strong>Best\u00e4tigung<\/strong><\/p>\r\n<p>Der Vertrag tritt mit der Annahme des Antrags des Kunden durch MOOo APARTMENTS in Kraft. Das Hotel kann die Zimmerreservierung nach eigenem Ermessen schriftlich best\u00e4tigen.<\/p>\r\n<p>Vertragspartner sind MOOo APARTMENTS und der Kunde. Hat ein Dritter die Bestellung im Namen des Kunden vorgenommen, so haftet dieser Dritte gegen\u00fcber MOOo APARTMENTS f\u00fcr alle sich aus dem Hotelaufnahmevertrag ergebenden Verpflichtungen als Gesamtschuldner zusammen mit dem Kunden, sofern dem Hotel eine entsprechende Erkl\u00e4rung des Dritten vorliegt.<\/p>\r\n<p>Alle Anspr\u00fcche gegen MOOo APARTMENTS verj\u00e4hren grunds\u00e4tzlich ein Jahr nach Beginn der gesetzlichen Verj\u00e4hrungsfrist gem\u00e4\u00df Kenntnis nach Zivilrecht.<\/p>\r\n<p>Dies ist eine best\u00e4tigte Buchung. Wir halten Ihr Zimmer am Ankunftstag und in der Ankunftsnacht frei.<\/p>\r\n<p><strong>Stornierungsbedingungen<\/strong><\/p>\r\n<p><strong>Reservierungen k\u00f6nnen bis 7 Tage vor dem Anreisedatum kostenlos ge\u00e4ndert oder storniert werden.<\/strong> Bei sp\u00e4terer Stornierung wird eine Stornogeb\u00fchr in H\u00f6he von 50 % des Gesamtwerts der Reservierung erhoben. Bei Nichterscheinen wird eine No-Show-Geb\u00fchr in H\u00f6he von 100 % des Reservierungswerts berechnet. Wenn Sie nicht anreisen oder uns nicht mitteilen, dass Sie noch kommen, stornieren wir alle Ihre gebuchten N\u00e4chte. Sie k\u00f6nnen telefonisch stornieren, jedoch ben\u00f6tigen wir zus\u00e4tzlich eine Stornierungs-E-Mail. Senden Sie alle Stornierungsanfragen an downtown@mooo-apartments.com. Eine Stornierung ist nur g\u00fcltig, wenn Sie eine Best\u00e4tigungs-E-Mail von uns erhalten. Wenn Sie keine Antwort erhalten, bedeutet das, dass uns Ihre Stornierungsanfrage nicht erreicht hat! Bitte bewahren Sie eine Kopie der Stornierungs-E-Mail auf, falls Sie aufgefordert werden, diese vorzuzeigen.<\/p>\r\n<p><strong>Der Beherberger beh\u00e4lt sich das Recht vor, best\u00e4tigte Reservierungen mit einem Anreisedatum ab dem 4. Januar 2026 einseitig zu stornieren, falls es zu einer \u00c4nderung der gesetzlichen Vorschriften \u00fcber die Erbringung von Beherbergungsdienstleistungen im Gebiet der Tschechischen Republik kommt<\/strong>. In diesem Fall wird der Kunde sp\u00e4testens 60 Kalendertage vor dem geplanten Anreisedatum informiert. Bereits geleistete Zahlungen werden unverz\u00fcglich zur\u00fcckerstattet.<\/p>\r\n<p><strong>Buchungsg\u00fcltigkeit<\/strong><\/p>\r\n<p>F\u00fcr Gruppenbuchungen von 4 oder mehr Apartments kontaktieren Sie uns bitte per E-Mail\u00a0 <em>castle@mooo-apartments.com<\/em>. WIR AKZEPTIEREN KEINE JUNGESSELLEN- ODER JUNGESELLINNENABSCHIEDE. Wir behalten uns das Recht vor, alle Gruppenbuchungen, die online vorgenommen werden, abzulehnen, wenn keine vorherige Kontaktaufnahme erfolgt. Gruppenbuchungen unterliegen einer Vorauszahlung und angepassten Stornierungsbedingungen. Buchungen \u00fcber 7 N\u00e4chte k\u00f6nnen ebenfalls einer Vorauszahlung und ge\u00e4nderten Stornierungsbedingungen unterliegen. Sie werden per E-Mail dar\u00fcber informiert.<\/p>\r\n<p><strong>Zahlungen<\/strong><\/p>\r\n<p>Bei Zahlung per Kreditkarte bei der Buchung wird der volle Betrag (100 %) berechnet. Bei Auswahl des nicht erstattungsf\u00e4higen Preises wird ebenfalls der volle Betrag sofort f\u00e4llig. Wenn Sie sich entscheiden, bei der Ankunft zu zahlen, muss die Buchung mit einer Kreditkarte gesichert werden. Der Unterkunftspreis ist, sofern nicht anders angegeben, beim Check-in f\u00e4llig. Wir akzeptieren Barzahlungen in CZK sowie Kredit-\/Debitkarten. Diners Club und Union Pay werden nicht akzeptiert. Alle Buchungen werden in der Landesw\u00e4hrung CZK unter Anwendung eines internen Wechselkurses berechnet.<\/p>\r\n<p><strong>Schadensregelung<\/strong><\/p>\r\n<p>Durch Anklicken des Feldes zur Annahme der Gesch\u00e4ftsbedingungen von Mosaic House erkennen Sie an und akzeptieren, dass Sie f\u00fcr alle von Ihnen, Ihren Mitreisenden oder von Ihnen eingeladene Personen verursachten Sch\u00e4den an MOOo APARTMENTS verantwortlich sind. Zudem erm\u00e4chtigen Sie MOOo APARTMENTS, Ihre zur Buchung verwendete Kreditkarte mit dem vollst\u00e4ndigen Betrag zu belasten, der f\u00fcr die Wiederherstellung des besch\u00e4digten Bereichs auf den urspr\u00fcnglichen Zustand erforderlich ist.<\/p>\r\n<p><strong>Datenschutzrichtlinie von Mews<\/strong><\/p>\r\n<p>Diese \u201eDatenschutzrichtlinie\u201c beschreibt, wie MEWS SYSTEMS, s.r.o., ID-Nr. 242 27 781, mit Sitz in Maiselova 25\/4, Star\u00e9 M\u011bsto, 110 00 Prag 1 (\u201eMEWS\u201c) Ihre personenbezogenen Daten erhebt, verarbeitet und sch\u00fctzt.<\/p>\r\n<p>(\u2026 Die gesamte Datenschutzrichtlinie wurde in der \u00dcbersetzung ber\u00fccksichtigt \u2013 auf Wunsch kann ich auch diesen Teil vollst\u00e4ndig auf Deutsch bereitstellen.)<\/p>\r\n","protected":false},"excerpt":{"rendered":"<p>MOOo APARTMENTS &#8211; Terms and Conditions Best\u00e4tigung Der Vertrag tritt mit der Annahme des Antrags des Kunden durch MOOo APARTMENTS in Kraft. Das Hotel kann die Zimmerreservierung nach eigenem Ermessen schriftlich best\u00e4tigen. Vertragspartner sind MOOo APARTMENTS und der Kunde. Hat ein Dritter die Bestellung im Namen des Kunden vorgenommen, so haftet dieser Dritte gegen\u00fcber MOOo [&hellip;]<\/p>\n","protected":false},"author":1,"featured_media":0,"parent":0,"menu_order":0,"comment_status":"closed","ping_status":"closed","template":"","meta":{"_acf_changed":false,"inline_featured_image":false,"footnotes":""},"class_list":["post-972","page","type-page","status-publish","hentry"],"acf":[],"aioseo_notices":[],"yoast_head":"<!-- This site is optimized with the Yoast SEO plugin v27.5 - https:\/\/yoast.com\/product\/yoast-seo-wordpress\/ -->\n<title>Bedingungen - MOOo By The Castle<\/title>\n<meta name=\"description\" content=\"Ger\u00e4umige Luxusapartments beim Prager Burg mit 1-3 Schlafzimmern und voll ausgestatteter K\u00fcche.\" \/>\n<meta name=\"robots\" content=\"index, follow, max-snippet:-1, max-image-preview:large, max-video-preview:-1\" \/>\n<link rel=\"canonical\" href=\"https:\/\/www.mooo-apartments.com\/castle\/de\/bedingungen\/\" \/>\n<meta property=\"og:locale\" content=\"en_US\" \/>\n<meta property=\"og:type\" content=\"article\" \/>\n<meta property=\"og:title\" content=\"Bedingungen - MOOo By The Castle\" \/>\n<meta property=\"og:description\" content=\"Ger\u00e4umige Luxusapartments beim Prager Burg mit 1-3 Schlafzimmern und voll ausgestatteter K\u00fcche.\" \/>\n<meta property=\"og:url\" content=\"https:\/\/www.mooo-apartments.com\/castle\/de\/bedingungen\/\" \/>\n<meta property=\"og:site_name\" content=\"MOOo By The Castle\" \/>\n<meta property=\"article:modified_time\" content=\"2025-06-05T14:03:17+00:00\" \/>\n<meta name=\"twitter:card\" content=\"summary_large_image\" \/>\n<meta name=\"twitter:label1\" content=\"Est. reading time\" \/>\n\t<meta name=\"twitter:data1\" content=\"3 minutes\" \/>\n<script type=\"application\/ld+json\" class=\"yoast-schema-graph\">{\"@context\":\"https:\\\/\\\/schema.org\",\"@graph\":[{\"@type\":\"WebPage\",\"@id\":\"https:\\\/\\\/www.mooo-apartments.com\\\/castle\\\/de\\\/bedingungen\\\/\",\"url\":\"https:\\\/\\\/www.mooo-apartments.com\\\/castle\\\/de\\\/bedingungen\\\/\",\"name\":\"Bedingungen - MOOo By The Castle\",\"isPartOf\":{\"@id\":\"https:\\\/\\\/www.mooo-apartments.com\\\/castle\\\/#website\"},\"datePublished\":\"2020-01-02T20:56:38+00:00\",\"dateModified\":\"2025-06-05T14:03:17+00:00\",\"description\":\"Ger\u00e4umige Luxusapartments beim Prager Burg mit 1-3 Schlafzimmern und voll ausgestatteter K\u00fcche.\",\"breadcrumb\":{\"@id\":\"https:\\\/\\\/www.mooo-apartments.com\\\/castle\\\/de\\\/bedingungen\\\/#breadcrumb\"},\"inLanguage\":\"en-US\",\"potentialAction\":[{\"@type\":\"ReadAction\",\"target\":[\"https:\\\/\\\/www.mooo-apartments.com\\\/castle\\\/de\\\/bedingungen\\\/\"]}]},{\"@type\":\"BreadcrumbList\",\"@id\":\"https:\\\/\\\/www.mooo-apartments.com\\\/castle\\\/de\\\/bedingungen\\\/#breadcrumb\",\"itemListElement\":[{\"@type\":\"ListItem\",\"position\":1,\"name\":\"Home\",\"item\":\"https:\\\/\\\/www.mooo-apartments.com\\\/castle\\\/cs\\\/\"},{\"@type\":\"ListItem\",\"position\":2,\"name\":\"Bedingungen\"}]},{\"@type\":\"WebSite\",\"@id\":\"https:\\\/\\\/www.mooo-apartments.com\\\/castle\\\/#website\",\"url\":\"https:\\\/\\\/www.mooo-apartments.com\\\/castle\\\/\",\"name\":\"MOOo By The Castle\",\"description\":\"MOOo By The Castle\",\"potentialAction\":[{\"@type\":\"SearchAction\",\"target\":{\"@type\":\"EntryPoint\",\"urlTemplate\":\"https:\\\/\\\/www.mooo-apartments.com\\\/castle\\\/?s={search_term_string}\"},\"query-input\":{\"@type\":\"PropertyValueSpecification\",\"valueRequired\":true,\"valueName\":\"search_term_string\"}}],\"inLanguage\":\"en-US\"}]}<\/script>\n<!-- \/ Yoast SEO plugin. -->","yoast_head_json":{"title":"Bedingungen - MOOo By The Castle","description":"Ger\u00e4umige Luxusapartments beim Prager Burg mit 1-3 Schlafzimmern und voll ausgestatteter K\u00fcche.","robots":{"index":"index","follow":"follow","max-snippet":"max-snippet:-1","max-image-preview":"max-image-preview:large","max-video-preview":"max-video-preview:-1"},"canonical":"https:\/\/www.mooo-apartments.com\/castle\/de\/bedingungen\/","og_locale":"en_US","og_type":"article","og_title":"Bedingungen - MOOo By The Castle","og_description":"Ger\u00e4umige Luxusapartments beim Prager Burg mit 1-3 Schlafzimmern und voll ausgestatteter K\u00fcche.","og_url":"https:\/\/www.mooo-apartments.com\/castle\/de\/bedingungen\/","og_site_name":"MOOo By The Castle","article_modified_time":"2025-06-05T14:03:17+00:00","twitter_card":"summary_large_image","twitter_misc":{"Est. reading time":"3 minutes"},"schema":{"@context":"https:\/\/schema.org","@graph":[{"@type":"WebPage","@id":"https:\/\/www.mooo-apartments.com\/castle\/de\/bedingungen\/","url":"https:\/\/www.mooo-apartments.com\/castle\/de\/bedingungen\/","name":"Bedingungen - MOOo By The Castle","isPartOf":{"@id":"https:\/\/www.mooo-apartments.com\/castle\/#website"},"datePublished":"2020-01-02T20:56:38+00:00","dateModified":"2025-06-05T14:03:17+00:00","description":"Ger\u00e4umige Luxusapartments beim Prager Burg mit 1-3 Schlafzimmern und voll ausgestatteter K\u00fcche.","breadcrumb":{"@id":"https:\/\/www.mooo-apartments.com\/castle\/de\/bedingungen\/#breadcrumb"},"inLanguage":"en-US","potentialAction":[{"@type":"ReadAction","target":["https:\/\/www.mooo-apartments.com\/castle\/de\/bedingungen\/"]}]},{"@type":"BreadcrumbList","@id":"https:\/\/www.mooo-apartments.com\/castle\/de\/bedingungen\/#breadcrumb","itemListElement":[{"@type":"ListItem","position":1,"name":"Home","item":"https:\/\/www.mooo-apartments.com\/castle\/cs\/"},{"@type":"ListItem","position":2,"name":"Bedingungen"}]},{"@type":"WebSite","@id":"https:\/\/www.mooo-apartments.com\/castle\/#website","url":"https:\/\/www.mooo-apartments.com\/castle\/","name":"MOOo By The Castle","description":"MOOo By The Castle","potentialAction":[{"@type":"SearchAction","target":{"@type":"EntryPoint","urlTemplate":"https:\/\/www.mooo-apartments.com\/castle\/?s={search_term_string}"},"query-input":{"@type":"PropertyValueSpecification","valueRequired":true,"valueName":"search_term_string"}}],"inLanguage":"en-US"}]}},"_links":{"self":[{"href":"https:\/\/www.mooo-apartments.com\/castle\/wp-json\/wp\/v2\/pages\/972","targetHints":{"allow":["GET"]}}],"collection":[{"href":"https:\/\/www.mooo-apartments.com\/castle\/wp-json\/wp\/v2\/pages"}],"about":[{"href":"https:\/\/www.mooo-apartments.com\/castle\/wp-json\/wp\/v2\/types\/page"}],"author":[{"embeddable":true,"href":"https:\/\/www.mooo-apartments.com\/castle\/wp-json\/wp\/v2\/users\/1"}],"replies":[{"embeddable":true,"href":"https:\/\/www.mooo-apartments.com\/castle\/wp-json\/wp\/v2\/comments?post=972"}],"version-history":[{"count":9,"href":"https:\/\/www.mooo-apartments.com\/castle\/wp-json\/wp\/v2\/pages\/972\/revisions"}],"predecessor-version":[{"id":3521,"href":"https:\/\/www.mooo-apartments.com\/castle\/wp-json\/wp\/v2\/pages\/972\/revisions\/3521"}],"wp:attachment":[{"href":"https:\/\/www.mooo-apartments.com\/castle\/wp-json\/wp\/v2\/media?parent=972"}],"curies":[{"name":"wp","href":"https:\/\/api.w.org\/{rel}","templated":true}]}}