{"id":3213,"date":"2020-11-23T09:05:29","date_gmt":"2020-11-23T09:05:29","guid":{"rendered":"https:\/\/www2.mooo-apartments.com\/castle\/?page_id=3213"},"modified":"2025-06-05T12:00:44","modified_gmt":"2025-06-05T12:00:44","slug":"prodej","status":"publish","type":"page","link":"https:\/\/www.mooo-apartments.com\/castle\/cs\/prodej\/","title":{"rendered":"Obchod &#038; Marketing"},"content":{"rendered":"<h3>Kontakt na obchodn\u00ed odd\u011blen\u00ed:<\/h3>\n<p>Marie Sochov\u00e1<br \/>\nSales &amp; Marketing Manager<br \/>\nEmail: <a href=\"mailto:marie@mosaichouse.com\">marie@mosaichouse.com<\/a><br \/>\nTel: +420 770 157 614<\/p>\n<p>&nbsp;<\/p>\n<p>&nbsp;<\/p>\n<p>&nbsp;<\/p>\n<p>&nbsp;<\/p>\n","protected":false},"excerpt":{"rendered":"<p>Kontakt na obchodn\u00ed odd\u011blen\u00ed: Marie Sochov\u00e1 Sales &amp; Marketing Manager Email: marie@mosaichouse.com Tel: +420 770 157 614 &nbsp; &nbsp; &nbsp; &nbsp;<\/p>\n","protected":false},"author":6,"featured_media":0,"parent":0,"menu_order":0,"comment_status":"closed","ping_status":"closed","template":"","meta":{"_acf_changed":false,"inline_featured_image":false,"footnotes":""},"class_list":["post-3213","page","type-page","status-publish","hentry"],"acf":[],"aioseo_notices":[],"yoast_head":"<!-- This site is optimized with the Yoast SEO plugin v27.5 - https:\/\/yoast.com\/product\/yoast-seo-wordpress\/ -->\n<title>Obchod &amp; Marketing - MOOo By The Castle<\/title>\n<meta name=\"robots\" content=\"index, follow, max-snippet:-1, max-image-preview:large, max-video-preview:-1\" \/>\n<link rel=\"canonical\" href=\"https:\/\/www.mooo-apartments.com\/castle\/cs\/prodej\/\" \/>\n<meta property=\"og:locale\" content=\"en_US\" \/>\n<meta property=\"og:type\" content=\"article\" \/>\n<meta property=\"og:title\" content=\"Obchod &amp; Marketing - MOOo By The Castle\" \/>\n<meta property=\"og:description\" content=\"Kontakt na obchodn\u00ed odd\u011blen\u00ed: Marie Sochov\u00e1 Sales &amp; Marketing Manager Email: marie@mosaichouse.com Tel: +420 770 157 614 &nbsp; &nbsp; &nbsp; &nbsp;\" \/>\n<meta property=\"og:url\" content=\"https:\/\/www.mooo-apartments.com\/castle\/cs\/prodej\/\" \/>\n<meta property=\"og:site_name\" content=\"MOOo By The Castle\" \/>\n<meta property=\"article:modified_time\" content=\"2025-06-05T12:00:44+00:00\" \/>\n<meta name=\"twitter:card\" content=\"summary_large_image\" \/>\n<meta name=\"twitter:label1\" content=\"Est. reading time\" \/>\n\t<meta name=\"twitter:data1\" content=\"1 minute\" \/>\n<script type=\"application\/ld+json\" class=\"yoast-schema-graph\">{\"@context\":\"https:\\\/\\\/schema.org\",\"@graph\":[{\"@type\":\"WebPage\",\"@id\":\"https:\\\/\\\/www.mooo-apartments.com\\\/castle\\\/cs\\\/prodej\\\/\",\"url\":\"https:\\\/\\\/www.mooo-apartments.com\\\/castle\\\/cs\\\/prodej\\\/\",\"name\":\"Obchod & Marketing - MOOo By The Castle\",\"isPartOf\":{\"@id\":\"https:\\\/\\\/www.mooo-apartments.com\\\/castle\\\/#website\"},\"datePublished\":\"2020-11-23T09:05:29+00:00\",\"dateModified\":\"2025-06-05T12:00:44+00:00\",\"breadcrumb\":{\"@id\":\"https:\\\/\\\/www.mooo-apartments.com\\\/castle\\\/cs\\\/prodej\\\/#breadcrumb\"},\"inLanguage\":\"en-US\",\"potentialAction\":[{\"@type\":\"ReadAction\",\"target\":[\"https:\\\/\\\/www.mooo-apartments.com\\\/castle\\\/cs\\\/prodej\\\/\"]}]},{\"@type\":\"BreadcrumbList\",\"@id\":\"https:\\\/\\\/www.mooo-apartments.com\\\/castle\\\/cs\\\/prodej\\\/#breadcrumb\",\"itemListElement\":[{\"@type\":\"ListItem\",\"position\":1,\"name\":\"Home\",\"item\":\"https:\\\/\\\/www.mooo-apartments.com\\\/castle\\\/cs\\\/\"},{\"@type\":\"ListItem\",\"position\":2,\"name\":\"Obchod &#038; Marketing\"}]},{\"@type\":\"WebSite\",\"@id\":\"https:\\\/\\\/www.mooo-apartments.com\\\/castle\\\/#website\",\"url\":\"https:\\\/\\\/www.mooo-apartments.com\\\/castle\\\/\",\"name\":\"MOOo By The Castle\",\"description\":\"MOOo By The Castle\",\"potentialAction\":[{\"@type\":\"SearchAction\",\"target\":{\"@type\":\"EntryPoint\",\"urlTemplate\":\"https:\\\/\\\/www.mooo-apartments.com\\\/castle\\\/?s={search_term_string}\"},\"query-input\":{\"@type\":\"PropertyValueSpecification\",\"valueRequired\":true,\"valueName\":\"search_term_string\"}}],\"inLanguage\":\"en-US\"}]}<\/script>\n<!-- \/ Yoast SEO plugin. -->","yoast_head_json":{"title":"Obchod & Marketing - MOOo By The Castle","robots":{"index":"index","follow":"follow","max-snippet":"max-snippet:-1","max-image-preview":"max-image-preview:large","max-video-preview":"max-video-preview:-1"},"canonical":"https:\/\/www.mooo-apartments.com\/castle\/cs\/prodej\/","og_locale":"en_US","og_type":"article","og_title":"Obchod & Marketing - MOOo By The Castle","og_description":"Kontakt na obchodn\u00ed odd\u011blen\u00ed: Marie Sochov\u00e1 Sales &amp; Marketing Manager Email: marie@mosaichouse.com Tel: +420 770 157 614 &nbsp; &nbsp; &nbsp; &nbsp;","og_url":"https:\/\/www.mooo-apartments.com\/castle\/cs\/prodej\/","og_site_name":"MOOo By The Castle","article_modified_time":"2025-06-05T12:00:44+00:00","twitter_card":"summary_large_image","twitter_misc":{"Est. reading time":"1 minute"},"schema":{"@context":"https:\/\/schema.org","@graph":[{"@type":"WebPage","@id":"https:\/\/www.mooo-apartments.com\/castle\/cs\/prodej\/","url":"https:\/\/www.mooo-apartments.com\/castle\/cs\/prodej\/","name":"Obchod & Marketing - MOOo By The Castle","isPartOf":{"@id":"https:\/\/www.mooo-apartments.com\/castle\/#website"},"datePublished":"2020-11-23T09:05:29+00:00","dateModified":"2025-06-05T12:00:44+00:00","breadcrumb":{"@id":"https:\/\/www.mooo-apartments.com\/castle\/cs\/prodej\/#breadcrumb"},"inLanguage":"en-US","potentialAction":[{"@type":"ReadAction","target":["https:\/\/www.mooo-apartments.com\/castle\/cs\/prodej\/"]}]},{"@type":"BreadcrumbList","@id":"https:\/\/www.mooo-apartments.com\/castle\/cs\/prodej\/#breadcrumb","itemListElement":[{"@type":"ListItem","position":1,"name":"Home","item":"https:\/\/www.mooo-apartments.com\/castle\/cs\/"},{"@type":"ListItem","position":2,"name":"Obchod &#038; Marketing"}]},{"@type":"WebSite","@id":"https:\/\/www.mooo-apartments.com\/castle\/#website","url":"https:\/\/www.mooo-apartments.com\/castle\/","name":"MOOo By The Castle","description":"MOOo By The Castle","potentialAction":[{"@type":"SearchAction","target":{"@type":"EntryPoint","urlTemplate":"https:\/\/www.mooo-apartments.com\/castle\/?s={search_term_string}"},"query-input":{"@type":"PropertyValueSpecification","valueRequired":true,"valueName":"search_term_string"}}],"inLanguage":"en-US"}]}},"_links":{"self":[{"href":"https:\/\/www.mooo-apartments.com\/castle\/wp-json\/wp\/v2\/pages\/3213","targetHints":{"allow":["GET"]}}],"collection":[{"href":"https:\/\/www.mooo-apartments.com\/castle\/wp-json\/wp\/v2\/pages"}],"about":[{"href":"https:\/\/www.mooo-apartments.com\/castle\/wp-json\/wp\/v2\/types\/page"}],"author":[{"embeddable":true,"href":"https:\/\/www.mooo-apartments.com\/castle\/wp-json\/wp\/v2\/users\/6"}],"replies":[{"embeddable":true,"href":"https:\/\/www.mooo-apartments.com\/castle\/wp-json\/wp\/v2\/comments?post=3213"}],"version-history":[{"count":9,"href":"https:\/\/www.mooo-apartments.com\/castle\/wp-json\/wp\/v2\/pages\/3213\/revisions"}],"predecessor-version":[{"id":3511,"href":"https:\/\/www.mooo-apartments.com\/castle\/wp-json\/wp\/v2\/pages\/3213\/revisions\/3511"}],"wp:attachment":[{"href":"https:\/\/www.mooo-apartments.com\/castle\/wp-json\/wp\/v2\/media?parent=3213"}],"curies":[{"name":"wp","href":"https:\/\/api.w.org\/{rel}","templated":true}]}}