{"id":1710,"date":"2020-02-19T17:24:43","date_gmt":"2020-02-19T16:24:43","guid":{"rendered":"https:\/\/www.phitechnologies.de\/?page_id=1710"},"modified":"2023-08-22T13:26:47","modified_gmt":"2023-08-22T13:26:47","slug":"kontakt","status":"publish","type":"page","link":"https:\/\/www.mooo-apartments.com\/castle\/cs\/kontakt\/","title":{"rendered":"Kontakt"},"content":{"rendered":"<p>M\u00e1te dotaz ohledn\u011b na\u0161\u00ed spole\u010dnosti, na\u0161ich produkt\u016f nebo slu\u017eeb?<br \/>\nM\u016f\u017eete n\u00e1s kontaktovat p\u0159\u00edmo nebo pomoc\u00ed kontaktn\u00edho formul\u00e1\u0159e:<\/p>\n<div class=\"frm_forms  with_frm_style frm_inline_form frm_style_formidable-style-2\" id=\"frm_form_4_container\" >\n<form enctype=\"multipart\/form-data\" method=\"post\" class=\"frm-show-form \" id=\"form_contact-form32\" >\n<div class=\"frm_form_fields \">\n<fieldset>\n<legend class=\"frm_screen_reader\">Kontakt [CZ]<\/legend>\r\n\r\n<div class=\"frm_fields_container\">\n<input type=\"hidden\" name=\"frm_action\" value=\"create\" \/>\n<input type=\"hidden\" name=\"form_id\" value=\"4\" \/>\n<input type=\"hidden\" name=\"frm_hide_fields_4\" id=\"frm_hide_fields_4\" value=\"\" \/>\n<input type=\"hidden\" name=\"form_key\" value=\"contact-form32\" \/>\n<input type=\"hidden\" name=\"item_meta[0]\" value=\"\" \/>\n<input type=\"hidden\" id=\"frm_submit_entry_4\" name=\"frm_submit_entry_4\" value=\"783cdea7e0\" \/><input type=\"hidden\" name=\"_wp_http_referer\" value=\"\/castle\/wp-json\/wp\/v2\/pages\/1710\" \/><div class=\"my_frm_column\"> <!-- MARTIN ADDED THIS TO MAKE 2 COLUMN FLEX LAYOUT (formidable form -> settings \/ customize html) -->\r\n\r\n\r\n<div id=\"frm_field_20_container\" class=\"frm_form_field form-field  frm_required_field frm_top_container\">\r\n    <label for=\"field_76b1l32\" id=\"field_76b1l32_label\" class=\"frm_primary_label\">Jm\u00e9no*:\r\n        <span class=\"frm_required\"><\/span>\r\n    <\/label>\r\n    <input type=\"text\" id=\"field_76b1l32\" name=\"item_meta[20]\" value=\"\"  placeholder=\"Jm\u00e9no\" data-reqmsg=\"Toto pole nesm\u00ed z\u016fstat pr\u00e1zdn\u00e9.\" aria-required=\"true\" data-invmsg=\"Text is invalid\" aria-invalid=\"false\"  \/>\r\n    \r\n    \r\n<\/div>\n<div id=\"frm_field_21_container\" class=\"frm_form_field form-field  frm_required_field frm_top_container\">\r\n    <label for=\"field_xs10s32\" id=\"field_xs10s32_label\" class=\"frm_primary_label\">P\u0159\u00edjmen\u00ed*:\r\n        <span class=\"frm_required\"><\/span>\r\n    <\/label>\r\n    <input type=\"text\" id=\"field_xs10s32\" name=\"item_meta[21]\" value=\"\"  placeholder=\"P\u0159\u00edjmen\u00ed\" data-reqmsg=\"Toto pole nesm\u00ed z\u016fstat pr\u00e1zdn\u00e9.\" aria-required=\"true\" data-invmsg=\"Text is invalid\" aria-invalid=\"false\"  \/>\r\n    \r\n    \r\n<\/div>\n<div id=\"frm_field_22_container\" class=\"frm_form_field form-field  frm_top_container\">\r\n    <label for=\"field_spqlo32\" id=\"field_spqlo32_label\" class=\"frm_primary_label\">Firma:\r\n        <span class=\"frm_required\"><\/span>\r\n    <\/label>\r\n    <input type=\"text\" id=\"field_spqlo32\" name=\"item_meta[22]\" value=\"\"  placeholder=\"Firma\" data-invmsg=\"Text is invalid\" aria-invalid=\"false\"  \/>\r\n    \r\n    \r\n<\/div>\n<div id=\"frm_field_23_container\" class=\"frm_form_field form-field  frm_required_field frm_top_container\">\r\n    <label for=\"field_k46b032\" id=\"field_k46b032_label\" class=\"frm_primary_label\">Telefon*:\r\n        <span class=\"frm_required\"><\/span>\r\n    <\/label>\r\n    <input type=\"text\" id=\"field_k46b032\" name=\"item_meta[23]\" value=\"\"  placeholder=\"Telefonn\u00ed \u010d\u00edslo\" data-reqmsg=\"Toto pole nesm\u00ed z\u016fstat pr\u00e1zdn\u00e9.\" aria-required=\"true\" data-invmsg=\"Text is invalid\" aria-invalid=\"false\"  \/>\r\n    \r\n    \r\n<\/div>\r\n\r\n<\/div> <!-- MARTIN ADDED THIS TO MAKE 2 COLUMN FLEX LAYOUT -->\n<div class=\"my_frm_column\"> <!-- MARTIN ADDED THIS TO MAKE 2 COLUMN FLEX LAYOUT (formidable form -> settings \/ customize html) -->\r\n\r\n<div id=\"frm_field_24_container\" class=\"frm_form_field form-field  frm_required_field frm_top_container\">\r\n    <label for=\"field_ybymp32\" id=\"field_ybymp32_label\" class=\"frm_primary_label\">E-mail*:\r\n        <span class=\"frm_required\"><\/span>\r\n    <\/label>\r\n    <input type=\"email\" id=\"field_ybymp32\" name=\"item_meta[24]\" value=\"\"  placeholder=\"E-mail\" data-reqmsg=\"Toto pole nesm\u00ed z\u016fstat pr\u00e1zdn\u00e9.\" aria-required=\"true\" data-invmsg=\"Adresa je neplatn\u00e1.\" aria-invalid=\"false\"  \/>\r\n    \r\n    \r\n<\/div>\n<div id=\"frm_field_25_container\" class=\"frm_form_field form-field  frm_top_container\">\r\n    <label for=\"field_io8tj32\" id=\"field_io8tj32_label\" class=\"frm_primary_label\">Pozn\u00e1mky:\r\n        <span class=\"frm_required\"><\/span>\r\n    <\/label>\r\n    <textarea name=\"item_meta[25]\" id=\"field_io8tj32\" rows=\"16\"  placeholder=\"Pozn\u00e1mky\" data-invmsg=\"Pozn\u00e1mky: is invalid\" aria-invalid=\"false\"  ><\/textarea>\r\n    \r\n    \r\n<\/div>\n<div id=\"frm_field_31_container\" class=\"frm_form_field form-field  frm_required_field frm_top_container vertical_radio\">\r\n    <div  id=\"field_7nb0r_label\" class=\"frm_primary_label\">\r\n        <span class=\"frm_required\"><\/span>\r\n    <\/div>\r\n    <div class=\"frm_opt_container\" aria-labelledby=\"field_7nb0r_label\" role=\"group\">\t\t<div class=\"frm_checkbox\" id=\"frm_checkbox_31-0\">\t\t\t<label  for=\"field_7nb0r-0\">\n\t\t\t<input type=\"checkbox\" name=\"item_meta[31][]\" id=\"field_7nb0r-0\" value=\"Souhlas\u00edm se zpracov\u00e1n\u00ed osobn\u00edch \u00fadaj\u016f*\"  data-reqmsg=\"This field cannot be blank.\" data-invmsg=\"This field is invalid\"   aria-required=\"true\"  \/> Souhlas\u00edm se zpracov\u00e1n\u00ed osobn\u00edch \u00fadaj\u016f*<\/label><\/div>\n<\/div>\r\n    \r\n    \r\n<\/div>\n<div id=\"frm_field_28_container\" class=\"frm_form_field  frm_html_container form-field\">*Povinn\u00e9 \u00fadaje<\/div>\n<div id=\"frm_field_26_container\" class=\"frm_form_field form-field  frm_none_container\">\r\n    <label for=\"g-recaptcha-response\" id=\"field_6jps9_label\" class=\"frm_primary_label\">\r\n        <span class=\"frm_required\"><\/span>\r\n    <\/label>\r\n    <div  id=\"field_6jps9\" class=\"frm-g-recaptcha\" data-sitekey=\"6LeaZQsaAAAAAMhjaSx99Dqe7iO3WuKvsm3A4kbq\" data-size=\"normal\" data-theme=\"light\"><\/div>\r\n    \r\n    \r\n<\/div>\n\t<input type=\"hidden\" name=\"item_key\" value=\"\" \/>\n\t\t\t<div id=\"frm_field_33_container\">\n\t\t\t<label for=\"field_17oi7\"  style=\"display:none;\">\n\t\t\t\tIf you are human, leave this field blank.\t\t\t<\/label>\n\t\t\t<input  id=\"field_17oi7\" type=\"text\" class=\"frm_form_field form-field frm_verify\" name=\"item_meta[33]\" value=\"\"  style=\"display:none;\" \/>\n\t\t<\/div>\n\t\t<input name=\"frm_state\" type=\"hidden\" value=\"qsfznq3lnaUUWVDKLaErSj7I9mu8LqfpSN6M8ZusbMo=\" \/><div class=\"frm_submit  frm_inline_submit\">\r\n\r\n<button class=\"frm_button_submit\" type=\"submit\"  >Odeslat<\/button>\r\n\r\n<\/div>\r\n\r\n<\/div> <!-- MARTIN ADDED THIS TO MAKE 2 COLUMN FLEX LAYOUT --><\/div>\n<\/fieldset>\n<\/div>\n\n<p style=\"display: none !important;\" class=\"akismet-fields-container\" data-prefix=\"ak_\"><label>&#916;<textarea name=\"ak_hp_textarea\" cols=\"45\" rows=\"8\" maxlength=\"100\"><\/textarea><\/label><input type=\"hidden\" id=\"ak_js_1\" name=\"ak_js\" value=\"65\"\/><script type=\"text\/javascript\">\n\/* <![CDATA[ *\/\ndocument.getElementById( \"ak_js_1\" ).setAttribute( \"value\", ( new Date() ).getTime() );\n\/* ]]> *\/\n<\/script>\n<\/p><\/form>\n<\/div>\n\n","protected":false},"excerpt":{"rendered":"<p>M\u00e1te dotaz ohledn\u011b na\u0161\u00ed spole\u010dnosti, na\u0161ich produkt\u016f nebo slu\u017eeb? M\u016f\u017eete n\u00e1s kontaktovat p\u0159\u00edmo nebo pomoc\u00ed kontaktn\u00edho formul\u00e1\u0159e:<\/p>\n","protected":false},"author":1,"featured_media":0,"parent":0,"menu_order":0,"comment_status":"closed","ping_status":"closed","template":"","meta":{"_acf_changed":false,"inline_featured_image":false,"footnotes":""},"class_list":["post-1710","page","type-page","status-publish","hentry"],"acf":[],"aioseo_notices":[],"yoast_head":"<!-- This site is optimized with the Yoast SEO plugin v27.5 - https:\/\/yoast.com\/product\/yoast-seo-wordpress\/ -->\n<title>Kontakt | MOOo By The Castle<\/title>\n<meta name=\"description\" content=\"Prostorn\u00e9 luxusn\u00ed apartm\u00e1ny u Pra\u017esk\u00e9ho Hradu s 1-3 lo\u017enicemi a pln\u011b vybavenou kuchyn\u00ed.\" \/>\n<meta name=\"robots\" content=\"index, follow, max-snippet:-1, max-image-preview:large, max-video-preview:-1\" \/>\n<link rel=\"canonical\" href=\"https:\/\/www.mooo-apartments.com\/castle\/cs\/kontakt\/\" \/>\n<meta property=\"og:locale\" content=\"en_US\" \/>\n<meta property=\"og:type\" content=\"article\" \/>\n<meta property=\"og:title\" content=\"Kontakt | MOOo By The Castle\" \/>\n<meta property=\"og:description\" content=\"Prostorn\u00e9 luxusn\u00ed apartm\u00e1ny u Pra\u017esk\u00e9ho Hradu s 1-3 lo\u017enicemi a pln\u011b vybavenou kuchyn\u00ed.\" \/>\n<meta property=\"og:url\" content=\"https:\/\/www.mooo-apartments.com\/castle\/cs\/kontakt\/\" \/>\n<meta property=\"og:site_name\" content=\"MOOo By The Castle\" \/>\n<meta property=\"article:modified_time\" content=\"2023-08-22T13:26:47+00:00\" \/>\n<meta name=\"twitter:card\" content=\"summary_large_image\" \/>\n<meta name=\"twitter:label1\" content=\"Est. reading time\" \/>\n\t<meta name=\"twitter:data1\" content=\"1 minute\" \/>\n<script type=\"application\/ld+json\" class=\"yoast-schema-graph\">{\"@context\":\"https:\\\/\\\/schema.org\",\"@graph\":[{\"@type\":\"WebPage\",\"@id\":\"https:\\\/\\\/www.mooo-apartments.com\\\/castle\\\/cs\\\/kontakt\\\/\",\"url\":\"https:\\\/\\\/www.mooo-apartments.com\\\/castle\\\/cs\\\/kontakt\\\/\",\"name\":\"Kontakt | MOOo By The Castle\",\"isPartOf\":{\"@id\":\"https:\\\/\\\/www.mooo-apartments.com\\\/castle\\\/#website\"},\"datePublished\":\"2020-02-19T16:24:43+00:00\",\"dateModified\":\"2023-08-22T13:26:47+00:00\",\"description\":\"Prostorn\u00e9 luxusn\u00ed apartm\u00e1ny u Pra\u017esk\u00e9ho Hradu s 1-3 lo\u017enicemi a pln\u011b vybavenou kuchyn\u00ed.\",\"breadcrumb\":{\"@id\":\"https:\\\/\\\/www.mooo-apartments.com\\\/castle\\\/cs\\\/kontakt\\\/#breadcrumb\"},\"inLanguage\":\"en-US\",\"potentialAction\":[{\"@type\":\"ReadAction\",\"target\":[\"https:\\\/\\\/www.mooo-apartments.com\\\/castle\\\/cs\\\/kontakt\\\/\"]}]},{\"@type\":\"BreadcrumbList\",\"@id\":\"https:\\\/\\\/www.mooo-apartments.com\\\/castle\\\/cs\\\/kontakt\\\/#breadcrumb\",\"itemListElement\":[{\"@type\":\"ListItem\",\"position\":1,\"name\":\"Home\",\"item\":\"https:\\\/\\\/www.mooo-apartments.com\\\/castle\\\/cs\\\/\"},{\"@type\":\"ListItem\",\"position\":2,\"name\":\"Kontakt\"}]},{\"@type\":\"WebSite\",\"@id\":\"https:\\\/\\\/www.mooo-apartments.com\\\/castle\\\/#website\",\"url\":\"https:\\\/\\\/www.mooo-apartments.com\\\/castle\\\/\",\"name\":\"MOOo By The Castle\",\"description\":\"MOOo By The Castle\",\"potentialAction\":[{\"@type\":\"SearchAction\",\"target\":{\"@type\":\"EntryPoint\",\"urlTemplate\":\"https:\\\/\\\/www.mooo-apartments.com\\\/castle\\\/?s={search_term_string}\"},\"query-input\":{\"@type\":\"PropertyValueSpecification\",\"valueRequired\":true,\"valueName\":\"search_term_string\"}}],\"inLanguage\":\"en-US\"}]}<\/script>\n<!-- \/ Yoast SEO plugin. -->","yoast_head_json":{"title":"Kontakt | MOOo By The Castle","description":"Prostorn\u00e9 luxusn\u00ed apartm\u00e1ny u Pra\u017esk\u00e9ho Hradu s 1-3 lo\u017enicemi a pln\u011b vybavenou kuchyn\u00ed.","robots":{"index":"index","follow":"follow","max-snippet":"max-snippet:-1","max-image-preview":"max-image-preview:large","max-video-preview":"max-video-preview:-1"},"canonical":"https:\/\/www.mooo-apartments.com\/castle\/cs\/kontakt\/","og_locale":"en_US","og_type":"article","og_title":"Kontakt | MOOo By The Castle","og_description":"Prostorn\u00e9 luxusn\u00ed apartm\u00e1ny u Pra\u017esk\u00e9ho Hradu s 1-3 lo\u017enicemi a pln\u011b vybavenou kuchyn\u00ed.","og_url":"https:\/\/www.mooo-apartments.com\/castle\/cs\/kontakt\/","og_site_name":"MOOo By The Castle","article_modified_time":"2023-08-22T13:26:47+00:00","twitter_card":"summary_large_image","twitter_misc":{"Est. reading time":"1 minute"},"schema":{"@context":"https:\/\/schema.org","@graph":[{"@type":"WebPage","@id":"https:\/\/www.mooo-apartments.com\/castle\/cs\/kontakt\/","url":"https:\/\/www.mooo-apartments.com\/castle\/cs\/kontakt\/","name":"Kontakt | MOOo By The Castle","isPartOf":{"@id":"https:\/\/www.mooo-apartments.com\/castle\/#website"},"datePublished":"2020-02-19T16:24:43+00:00","dateModified":"2023-08-22T13:26:47+00:00","description":"Prostorn\u00e9 luxusn\u00ed apartm\u00e1ny u Pra\u017esk\u00e9ho Hradu s 1-3 lo\u017enicemi a pln\u011b vybavenou kuchyn\u00ed.","breadcrumb":{"@id":"https:\/\/www.mooo-apartments.com\/castle\/cs\/kontakt\/#breadcrumb"},"inLanguage":"en-US","potentialAction":[{"@type":"ReadAction","target":["https:\/\/www.mooo-apartments.com\/castle\/cs\/kontakt\/"]}]},{"@type":"BreadcrumbList","@id":"https:\/\/www.mooo-apartments.com\/castle\/cs\/kontakt\/#breadcrumb","itemListElement":[{"@type":"ListItem","position":1,"name":"Home","item":"https:\/\/www.mooo-apartments.com\/castle\/cs\/"},{"@type":"ListItem","position":2,"name":"Kontakt"}]},{"@type":"WebSite","@id":"https:\/\/www.mooo-apartments.com\/castle\/#website","url":"https:\/\/www.mooo-apartments.com\/castle\/","name":"MOOo By The Castle","description":"MOOo By The Castle","potentialAction":[{"@type":"SearchAction","target":{"@type":"EntryPoint","urlTemplate":"https:\/\/www.mooo-apartments.com\/castle\/?s={search_term_string}"},"query-input":{"@type":"PropertyValueSpecification","valueRequired":true,"valueName":"search_term_string"}}],"inLanguage":"en-US"}]}},"_links":{"self":[{"href":"https:\/\/www.mooo-apartments.com\/castle\/wp-json\/wp\/v2\/pages\/1710","targetHints":{"allow":["GET"]}}],"collection":[{"href":"https:\/\/www.mooo-apartments.com\/castle\/wp-json\/wp\/v2\/pages"}],"about":[{"href":"https:\/\/www.mooo-apartments.com\/castle\/wp-json\/wp\/v2\/types\/page"}],"author":[{"embeddable":true,"href":"https:\/\/www.mooo-apartments.com\/castle\/wp-json\/wp\/v2\/users\/1"}],"replies":[{"embeddable":true,"href":"https:\/\/www.mooo-apartments.com\/castle\/wp-json\/wp\/v2\/comments?post=1710"}],"version-history":[{"count":3,"href":"https:\/\/www.mooo-apartments.com\/castle\/wp-json\/wp\/v2\/pages\/1710\/revisions"}],"predecessor-version":[{"id":3207,"href":"https:\/\/www.mooo-apartments.com\/castle\/wp-json\/wp\/v2\/pages\/1710\/revisions\/3207"}],"wp:attachment":[{"href":"https:\/\/www.mooo-apartments.com\/castle\/wp-json\/wp\/v2\/media?parent=1710"}],"curies":[{"name":"wp","href":"https:\/\/api.w.org\/{rel}","templated":true}]}}